{"id":5929,"date":"2024-09-30T08:14:56","date_gmt":"2024-09-30T08:14:56","guid":{"rendered":"https:\/\/villapuebla.com\/?page_id=5929"},"modified":"2024-09-30T08:18:43","modified_gmt":"2024-09-30T08:18:43","slug":"booking-confirmed","status":"publish","type":"page","link":"https:\/\/villapuebla.com\/fr\/booking-confirmed\/","title":{"rendered":"Booking Confirmed"},"content":{"rendered":"<div data-elementor-type=\"wp-page\" data-elementor-id=\"5929\" class=\"elementor elementor-5929\" data-elementor-post-type=\"page\">\n\t\t\t\t<div class=\"elementor-element elementor-element-0381088 e-con-full e-flex wpr-particle-no wpr-jarallax-no wpr-parallax-no wpr-sticky-section-no wpr-equal-height-no e-con e-parent\" data-id=\"0381088\" data-element_type=\"container\" data-e-type=\"container\" data-settings=\"{&quot;background_background&quot;:&quot;classic&quot;}\">\n\t\t\t\t<div class=\"elementor-element elementor-element-310b96c elementor-widget elementor-widget-heading\" data-id=\"310b96c\" data-element_type=\"widget\" data-e-type=\"widget\" data-widget_type=\"heading.default\">\n\t\t\t\t<div class=\"elementor-widget-container\">\n\t\t\t\t\t<h2 class=\"elementor-heading-title elementor-size-default\">Confirmation de r\u00e9servation<\/h2>\t\t\t\t<\/div>\n\t\t\t\t<\/div>\n\t\t\t\t<\/div>\n\t\t<div class=\"elementor-element elementor-element-89c3502 e-flex e-con-boxed wpr-particle-no wpr-jarallax-no wpr-parallax-no wpr-sticky-section-no wpr-equal-height-no e-con e-parent\" data-id=\"89c3502\" data-element_type=\"container\" data-e-type=\"container\">\n\t\t\t\t\t<div class=\"e-con-inner\">\n\t\t\t\t<div class=\"elementor-element elementor-element-fa000e0 elementor-widget elementor-widget-text-editor\" data-id=\"fa000e0\" data-element_type=\"widget\" data-e-type=\"widget\" data-widget_type=\"text-editor.default\">\n\t\t\t\t<div class=\"elementor-widget-container\">\n\t\t\t\t\t\t\t\t\t<p>Warm welcome and thank you for choosing Villa Puebla for your upcoming visit to Barcelonnette. You booking is confirmed.<\/p><p>Check-In: Between 15h &#8211; 19h. If you anticipate arriving outside of our standard check-in times, please inform us in advance so we can make necessary arrangements.<\/p><p>To ensure you arrive smoothly to our parking, follow google maps directions to Villa Pubela. You will arrive at a big gate with the name Villa Puebla on it. The gate is always unlcoked and you can open it by sliding the door.<\/p><p>Check-Out: by 11:00. Should you require a later check-out, please let us know, and we will do our best to accommodate your request.<\/p><p>If you have any special requests or questions prior to your arrival, please don&#8217;t hesitate to reach out.<\/p><p>We are looking forward to hosting you, and making your stay an unforgettable one!<\/p><p>Warm regards, Tessi and Laurent<\/p><p>Bonjour XX,<\/p><p>Nous vous souhaitons la bienvenue et vous remercions d&#8217;avoir choisi Villa Puebla pour votre prochaine visite \u00e0 Barcelonnette. Votre r\u00e9servation est confirm\u00e9e.<\/p><p>Arriv\u00e9e : entre 15h et 19h. Si vous pr\u00e9voyez d&#8217;arriver en dehors de nos horaires d&#8217;arriv\u00e9e habituels, veuillez svp nous en informer \u00e0 l&#8217;avance afin que nous puissions prendre les dispositions n\u00e9cessaires.<\/p><p>Pour vous assurer d&#8217;arriver sans encombre \u00e0 notre parking, nous vous recommandons de suivre les indications de Google Maps jusqu&#8217;\u00e0 la Villa Puebla Chambres d\u2019h\u00f4tes. Vous arriverez \u00e0 un grand portail portant le nom de Villa Puebla. Le portail est toujours d\u00e9verrouill\u00e9 et vous pouvez l&#8217;ouvrir en faisant glisser la porte.<\/p><p>D\u00e9part : avant 11h00. Si vous souhaitez un d\u00e9part plus tardif, veuillez svp nous en informer et nous ferons de notre mieux pour r\u00e9pondre \u00e0 votre demande.<\/p><p>Si vous avez des demandes ou des questions particuli\u00e8res avant votre arriv\u00e9e, n&#8217;h\u00e9sitez pas \u00e0 nous contacter.<\/p><p>Nous avons h\u00e2te de vous accueillir et de faire de votre s\u00e9jour un moment inoubliable !<\/p><p>Bien cordialement, Tessi et Laurent<\/p>\t\t\t\t\t\t\t\t<\/div>\n\t\t\t\t<\/div>\n\t\t\t\t\t<\/div>\n\t\t\t\t<\/div>\n\t\t\t\t<\/div>","protected":false},"excerpt":{"rendered":"<p>Booking Confirmation Warm welcome and thank you for choosing Villa Puebla for your upcoming visit to Barcelonnette. You booking is confirmed. Check-In: Between 15h &#8211; 19h. If you anticipate arriving outside of our standard check-in times, please inform us in advance so we can make necessary arrangements. To ensure you arrive smoothly to our parking, follow google maps directions to Villa Pubela. You will arrive at a big gate with the name Villa Puebla on it. The gate is always unlcoked and you can open it by sliding the door. Check-Out: by 11:00. Should you require a later check-out, please let us know, and we will do our best to accommodate your request. If you have any special requests or questions prior to your arrival, please don&#8217;t hesitate to reach out. We are looking forward to hosting you, and making your stay an unforgettable one! Warm regards, Tessi and Laurent Bonjour XX, Nous vous souhaitons la bienvenue et vous remercions d&#8217;avoir choisi Villa Puebla pour votre prochaine visite \u00e0 Barcelonnette. Votre r\u00e9servation est confirm\u00e9e. Arriv\u00e9e : entre 15h et 19h. Si vous pr\u00e9voyez d&#8217;arriver en dehors de nos horaires d&#8217;arriv\u00e9e habituels, veuillez svp nous en informer \u00e0 l&#8217;avance afin que nous puissions prendre les dispositions n\u00e9cessaires. Pour vous assurer d&#8217;arriver sans encombre \u00e0 notre parking, nous vous recommandons de suivre les indications de Google Maps jusqu&#8217;\u00e0 la Villa Puebla Chambres d\u2019h\u00f4tes. Vous arriverez \u00e0 un grand portail portant le nom de Villa Puebla. Le portail est toujours d\u00e9verrouill\u00e9 et vous pouvez l&#8217;ouvrir en faisant glisser la porte. D\u00e9part : avant 11h00. Si vous souhaitez un d\u00e9part plus tardif, veuillez svp nous en informer et nous ferons de notre mieux pour r\u00e9pondre \u00e0 votre demande. Si vous avez des demandes ou des questions particuli\u00e8res avant votre arriv\u00e9e, n&#8217;h\u00e9sitez pas \u00e0 nous contacter. Nous avons h\u00e2te de vous accueillir et de faire de votre s\u00e9jour un moment inoubliable ! Bien cordialement, Tessi et Laurent<\/p>","protected":false},"author":1,"featured_media":0,"parent":0,"menu_order":0,"comment_status":"closed","ping_status":"closed","template":"elementor_header_footer","meta":{"footnotes":""},"class_list":["post-5929","page","type-page","status-publish","hentry"],"yoast_head":"<!-- This site is optimized with the Yoast SEO plugin v27.4 - https:\/\/yoast.com\/product\/yoast-seo-wordpress\/ -->\n<title>Booking Confirmed - Villa Puebla<\/title>\n<meta name=\"robots\" content=\"index, follow, max-snippet:-1, max-image-preview:large, max-video-preview:-1\" \/>\n<link rel=\"canonical\" href=\"https:\/\/villapuebla.com\/fr\/booking-confirmed\/\" \/>\n<meta property=\"og:locale\" content=\"fr_FR\" \/>\n<meta property=\"og:type\" content=\"article\" \/>\n<meta property=\"og:title\" content=\"Booking Confirmed - Villa Puebla\" \/>\n<meta property=\"og:description\" content=\"Booking Confirmation Warm welcome and thank you for choosing Villa Puebla for your upcoming visit to Barcelonnette. You booking is confirmed. Check-In: Between 15h &#8211; 19h. If you anticipate arriving outside of our standard check-in times, please inform us in advance so we can make necessary arrangements. To ensure you arrive smoothly to our parking, follow google maps directions to Villa Pubela. You will arrive at a big gate with the name Villa Puebla on it. The gate is always unlcoked and you can open it by sliding the door. Check-Out: by 11:00. Should you require a later check-out, please let us know, and we will do our best to accommodate your request. If you have any special requests or questions prior to your arrival, please don&#8217;t hesitate to reach out. We are looking forward to hosting you, and making your stay an unforgettable one! Warm regards, Tessi and Laurent Bonjour XX, Nous vous souhaitons la bienvenue et vous remercions d&#8217;avoir choisi Villa Puebla pour votre prochaine visite \u00e0 Barcelonnette. Votre r\u00e9servation est confirm\u00e9e. Arriv\u00e9e : entre 15h et 19h. Si vous pr\u00e9voyez d&#8217;arriver en dehors de nos horaires d&#8217;arriv\u00e9e habituels, veuillez svp nous en informer \u00e0 l&#8217;avance afin que nous puissions prendre les dispositions n\u00e9cessaires. Pour vous assurer d&#8217;arriver sans encombre \u00e0 notre parking, nous vous recommandons de suivre les indications de Google Maps jusqu&#8217;\u00e0 la Villa Puebla Chambres d\u2019h\u00f4tes. Vous arriverez \u00e0 un grand portail portant le nom de Villa Puebla. Le portail est toujours d\u00e9verrouill\u00e9 et vous pouvez l&#8217;ouvrir en faisant glisser la porte. D\u00e9part : avant 11h00. Si vous souhaitez un d\u00e9part plus tardif, veuillez svp nous en informer et nous ferons de notre mieux pour r\u00e9pondre \u00e0 votre demande. Si vous avez des demandes ou des questions particuli\u00e8res avant votre arriv\u00e9e, n&#8217;h\u00e9sitez pas \u00e0 nous contacter. Nous avons h\u00e2te de vous accueillir et de faire de votre s\u00e9jour un moment inoubliable ! Bien cordialement, Tessi et Laurent\" \/>\n<meta property=\"og:url\" content=\"https:\/\/villapuebla.com\/fr\/booking-confirmed\/\" \/>\n<meta property=\"og:site_name\" content=\"Villa Puebla\" \/>\n<meta property=\"article:modified_time\" content=\"2024-09-30T08:18:43+00:00\" \/>\n<meta name=\"twitter:card\" content=\"summary_large_image\" \/>\n<meta name=\"twitter:label1\" content=\"Dur\u00e9e de lecture estim\u00e9e\" \/>\n\t<meta name=\"twitter:data1\" content=\"2 minutes\" \/>\n<script type=\"application\/ld+json\" class=\"yoast-schema-graph\">{\"@context\":\"https:\\\/\\\/schema.org\",\"@graph\":[{\"@type\":\"WebPage\",\"@id\":\"https:\\\/\\\/villapuebla.com\\\/booking-confirmed\\\/\",\"url\":\"https:\\\/\\\/villapuebla.com\\\/booking-confirmed\\\/\",\"name\":\"Booking Confirmed - Villa Puebla\",\"isPartOf\":{\"@id\":\"https:\\\/\\\/villapuebla.com\\\/#website\"},\"datePublished\":\"2024-09-30T08:14:56+00:00\",\"dateModified\":\"2024-09-30T08:18:43+00:00\",\"breadcrumb\":{\"@id\":\"https:\\\/\\\/villapuebla.com\\\/booking-confirmed\\\/#breadcrumb\"},\"inLanguage\":\"fr-FR\",\"potentialAction\":[{\"@type\":\"ReadAction\",\"target\":[\"https:\\\/\\\/villapuebla.com\\\/booking-confirmed\\\/\"]}]},{\"@type\":\"BreadcrumbList\",\"@id\":\"https:\\\/\\\/villapuebla.com\\\/booking-confirmed\\\/#breadcrumb\",\"itemListElement\":[{\"@type\":\"ListItem\",\"position\":1,\"name\":\"Home\",\"item\":\"https:\\\/\\\/villapuebla.com\\\/\"},{\"@type\":\"ListItem\",\"position\":2,\"name\":\"Booking Confirmed\"}]},{\"@type\":\"WebSite\",\"@id\":\"https:\\\/\\\/villapuebla.com\\\/#website\",\"url\":\"https:\\\/\\\/villapuebla.com\\\/\",\"name\":\"Villa Puebla\",\"description\":\"\",\"publisher\":{\"@id\":\"https:\\\/\\\/villapuebla.com\\\/#organization\"},\"potentialAction\":[{\"@type\":\"SearchAction\",\"target\":{\"@type\":\"EntryPoint\",\"urlTemplate\":\"https:\\\/\\\/villapuebla.com\\\/?s={search_term_string}\"},\"query-input\":{\"@type\":\"PropertyValueSpecification\",\"valueRequired\":true,\"valueName\":\"search_term_string\"}}],\"inLanguage\":\"fr-FR\"},{\"@type\":\"Organization\",\"@id\":\"https:\\\/\\\/villapuebla.com\\\/#organization\",\"name\":\"Villa Puebla\",\"url\":\"https:\\\/\\\/villapuebla.com\\\/\",\"logo\":{\"@type\":\"ImageObject\",\"inLanguage\":\"fr-FR\",\"@id\":\"https:\\\/\\\/villapuebla.com\\\/#\\\/schema\\\/logo\\\/image\\\/\",\"url\":\"https:\\\/\\\/villapuebla.com\\\/wp-content\\\/uploads\\\/2024\\\/08\\\/image.png\",\"contentUrl\":\"https:\\\/\\\/villapuebla.com\\\/wp-content\\\/uploads\\\/2024\\\/08\\\/image.png\",\"width\":598,\"height\":850,\"caption\":\"Villa Puebla\"},\"image\":{\"@id\":\"https:\\\/\\\/villapuebla.com\\\/#\\\/schema\\\/logo\\\/image\\\/\"}}]}<\/script>\n<!-- \/ Yoast SEO plugin. -->","yoast_head_json":{"title":"Booking Confirmed - Villa Puebla","robots":{"index":"index","follow":"follow","max-snippet":"max-snippet:-1","max-image-preview":"max-image-preview:large","max-video-preview":"max-video-preview:-1"},"canonical":"https:\/\/villapuebla.com\/fr\/booking-confirmed\/","og_locale":"fr_FR","og_type":"article","og_title":"Booking Confirmed - Villa Puebla","og_description":"Booking Confirmation Warm welcome and thank you for choosing Villa Puebla for your upcoming visit to Barcelonnette. You booking is confirmed. Check-In: Between 15h &#8211; 19h. If you anticipate arriving outside of our standard check-in times, please inform us in advance so we can make necessary arrangements. To ensure you arrive smoothly to our parking, follow google maps directions to Villa Pubela. You will arrive at a big gate with the name Villa Puebla on it. The gate is always unlcoked and you can open it by sliding the door. Check-Out: by 11:00. Should you require a later check-out, please let us know, and we will do our best to accommodate your request. If you have any special requests or questions prior to your arrival, please don&#8217;t hesitate to reach out. We are looking forward to hosting you, and making your stay an unforgettable one! Warm regards, Tessi and Laurent Bonjour XX, Nous vous souhaitons la bienvenue et vous remercions d&#8217;avoir choisi Villa Puebla pour votre prochaine visite \u00e0 Barcelonnette. Votre r\u00e9servation est confirm\u00e9e. Arriv\u00e9e : entre 15h et 19h. Si vous pr\u00e9voyez d&#8217;arriver en dehors de nos horaires d&#8217;arriv\u00e9e habituels, veuillez svp nous en informer \u00e0 l&#8217;avance afin que nous puissions prendre les dispositions n\u00e9cessaires. Pour vous assurer d&#8217;arriver sans encombre \u00e0 notre parking, nous vous recommandons de suivre les indications de Google Maps jusqu&#8217;\u00e0 la Villa Puebla Chambres d\u2019h\u00f4tes. Vous arriverez \u00e0 un grand portail portant le nom de Villa Puebla. Le portail est toujours d\u00e9verrouill\u00e9 et vous pouvez l&#8217;ouvrir en faisant glisser la porte. D\u00e9part : avant 11h00. Si vous souhaitez un d\u00e9part plus tardif, veuillez svp nous en informer et nous ferons de notre mieux pour r\u00e9pondre \u00e0 votre demande. Si vous avez des demandes ou des questions particuli\u00e8res avant votre arriv\u00e9e, n&#8217;h\u00e9sitez pas \u00e0 nous contacter. Nous avons h\u00e2te de vous accueillir et de faire de votre s\u00e9jour un moment inoubliable ! Bien cordialement, Tessi et Laurent","og_url":"https:\/\/villapuebla.com\/fr\/booking-confirmed\/","og_site_name":"Villa Puebla","article_modified_time":"2024-09-30T08:18:43+00:00","twitter_card":"summary_large_image","twitter_misc":{"Dur\u00e9e de lecture estim\u00e9e":"2 minutes"},"schema":{"@context":"https:\/\/schema.org","@graph":[{"@type":"WebPage","@id":"https:\/\/villapuebla.com\/booking-confirmed\/","url":"https:\/\/villapuebla.com\/booking-confirmed\/","name":"Booking Confirmed - Villa Puebla","isPartOf":{"@id":"https:\/\/villapuebla.com\/#website"},"datePublished":"2024-09-30T08:14:56+00:00","dateModified":"2024-09-30T08:18:43+00:00","breadcrumb":{"@id":"https:\/\/villapuebla.com\/booking-confirmed\/#breadcrumb"},"inLanguage":"fr-FR","potentialAction":[{"@type":"ReadAction","target":["https:\/\/villapuebla.com\/booking-confirmed\/"]}]},{"@type":"BreadcrumbList","@id":"https:\/\/villapuebla.com\/booking-confirmed\/#breadcrumb","itemListElement":[{"@type":"ListItem","position":1,"name":"Home","item":"https:\/\/villapuebla.com\/"},{"@type":"ListItem","position":2,"name":"Booking Confirmed"}]},{"@type":"WebSite","@id":"https:\/\/villapuebla.com\/#website","url":"https:\/\/villapuebla.com\/","name":"Villa Puebla","description":"","publisher":{"@id":"https:\/\/villapuebla.com\/#organization"},"potentialAction":[{"@type":"SearchAction","target":{"@type":"EntryPoint","urlTemplate":"https:\/\/villapuebla.com\/?s={search_term_string}"},"query-input":{"@type":"PropertyValueSpecification","valueRequired":true,"valueName":"search_term_string"}}],"inLanguage":"fr-FR"},{"@type":"Organization","@id":"https:\/\/villapuebla.com\/#organization","name":"Villa Puebla","url":"https:\/\/villapuebla.com\/","logo":{"@type":"ImageObject","inLanguage":"fr-FR","@id":"https:\/\/villapuebla.com\/#\/schema\/logo\/image\/","url":"https:\/\/villapuebla.com\/wp-content\/uploads\/2024\/08\/image.png","contentUrl":"https:\/\/villapuebla.com\/wp-content\/uploads\/2024\/08\/image.png","width":598,"height":850,"caption":"Villa Puebla"},"image":{"@id":"https:\/\/villapuebla.com\/#\/schema\/logo\/image\/"}}]}},"_links":{"self":[{"href":"https:\/\/villapuebla.com\/fr\/wp-json\/wp\/v2\/pages\/5929","targetHints":{"allow":["GET"]}}],"collection":[{"href":"https:\/\/villapuebla.com\/fr\/wp-json\/wp\/v2\/pages"}],"about":[{"href":"https:\/\/villapuebla.com\/fr\/wp-json\/wp\/v2\/types\/page"}],"author":[{"embeddable":true,"href":"https:\/\/villapuebla.com\/fr\/wp-json\/wp\/v2\/users\/1"}],"replies":[{"embeddable":true,"href":"https:\/\/villapuebla.com\/fr\/wp-json\/wp\/v2\/comments?post=5929"}],"version-history":[{"count":0,"href":"https:\/\/villapuebla.com\/fr\/wp-json\/wp\/v2\/pages\/5929\/revisions"}],"wp:attachment":[{"href":"https:\/\/villapuebla.com\/fr\/wp-json\/wp\/v2\/media?parent=5929"}],"curies":[{"name":"wp","href":"https:\/\/api.w.org\/{rel}","templated":true}]}}