{"id":4046,"date":"2024-09-05T13:17:55","date_gmt":"2024-09-05T13:17:55","guid":{"rendered":"https:\/\/villapuebla.com\/?page_id=4046"},"modified":"2025-01-27T13:06:59","modified_gmt":"2025-01-27T13:06:59","slug":"terms-and-conditions","status":"publish","type":"page","link":"https:\/\/villapuebla.com\/fr\/terms-and-conditions\/","title":{"rendered":"Nos Conditions de vente"},"content":{"rendered":"<div data-elementor-type=\"wp-page\" data-elementor-id=\"4046\" class=\"elementor elementor-4046\" data-elementor-post-type=\"page\">\n\t\t\t\t<div class=\"elementor-element elementor-element-89b7d43 e-con-full e-flex wpr-particle-no wpr-jarallax-no wpr-parallax-no wpr-sticky-section-no e-con e-parent\" data-id=\"89b7d43\" data-element_type=\"container\" data-e-type=\"container\" data-settings=\"{&quot;background_background&quot;:&quot;classic&quot;}\">\n\t\t\t\t<div class=\"elementor-element elementor-element-9d0271c elementor-widget elementor-widget-heading\" data-id=\"9d0271c\" data-element_type=\"widget\" data-e-type=\"widget\" data-widget_type=\"heading.default\">\n\t\t\t\t<div class=\"elementor-widget-container\">\n\t\t\t\t\t<h2 class=\"elementor-heading-title elementor-size-default\">Nos conditions de vente<\/h2>\t\t\t\t<\/div>\n\t\t\t\t<\/div>\n\t\t<div class=\"elementor-element elementor-element-36a31c4 e-con-full e-flex wpr-particle-no wpr-jarallax-no wpr-parallax-no wpr-sticky-section-no e-con e-child\" data-id=\"36a31c4\" data-element_type=\"container\" data-e-type=\"container\" data-settings=\"{&quot;background_background&quot;:&quot;classic&quot;}\">\n\t\t\t\t<div class=\"elementor-element elementor-element-03f92b5 elementor-widget elementor-widget-text-editor\" data-id=\"03f92b5\" data-element_type=\"widget\" data-e-type=\"widget\" data-widget_type=\"text-editor.default\">\n\t\t\t\t<div class=\"elementor-widget-container\">\n\t\t\t\t\t\t\t\t\t<p>Accueil \/ Conditions de vente<\/p>\t\t\t\t\t\t\t\t<\/div>\n\t\t\t\t<\/div>\n\t\t\t\t<\/div>\n\t\t\t\t<div class=\"elementor-element elementor-element-11fc864 elementor-view-default elementor-widget elementor-widget-icon\" data-id=\"11fc864\" data-element_type=\"widget\" data-e-type=\"widget\" data-widget_type=\"icon.default\">\n\t\t\t\t<div class=\"elementor-widget-container\">\n\t\t\t\t\t\t\t<div class=\"elementor-icon-wrapper\">\n\t\t\t<div class=\"elementor-icon\">\n\t\t\t<i aria-hidden=\"true\" class=\"icon icon-chevron-down-circle\"><\/i>\t\t\t<\/div>\n\t\t<\/div>\n\t\t\t\t\t\t<\/div>\n\t\t\t\t<\/div>\n\t\t\t\t<\/div>\n\t\t<div class=\"elementor-element elementor-element-5133b0b e-flex e-con-boxed wpr-particle-no wpr-jarallax-no wpr-parallax-no wpr-sticky-section-no e-con e-parent\" data-id=\"5133b0b\" data-element_type=\"container\" data-e-type=\"container\">\n\t\t\t\t\t<div class=\"e-con-inner\">\n\t\t<div class=\"elementor-element elementor-element-9061797 e-con-full e-flex wpr-particle-no wpr-jarallax-no wpr-parallax-no wpr-sticky-section-no e-con e-child\" data-id=\"9061797\" data-element_type=\"container\" data-e-type=\"container\">\n\t\t\t\t<div class=\"elementor-element elementor-element-09c8c59 elementor-widget elementor-widget-heading\" data-id=\"09c8c59\" data-element_type=\"widget\" data-e-type=\"widget\" data-widget_type=\"heading.default\">\n\t\t\t\t<div class=\"elementor-widget-container\">\n\t\t\t\t\t<h2 class=\"elementor-heading-title elementor-size-default\">Acceptation de nos conditions<\/h2>\t\t\t\t<\/div>\n\t\t\t\t<\/div>\n\t\t\t\t<div class=\"elementor-element elementor-element-8421ee3 elementor-widget elementor-widget-text-editor\" data-id=\"8421ee3\" data-element_type=\"widget\" data-e-type=\"widget\" data-widget_type=\"text-editor.default\">\n\t\t\t\t<div class=\"elementor-widget-container\">\n\t\t\t\t\t\t\t\t\t<p>En acc\u00e9dant \u00e0 notre site Web et \u00e0 nos services, vous acceptez de respecter ces conditions g\u00e9n\u00e9rales et toutes les lois applicables.<\/p>\t\t\t\t\t\t\t\t<\/div>\n\t\t\t\t<\/div>\n\t\t\t\t<div class=\"elementor-element elementor-element-495a7d8 elementor-widget elementor-widget-heading\" data-id=\"495a7d8\" data-element_type=\"widget\" data-e-type=\"widget\" data-widget_type=\"heading.default\">\n\t\t\t\t<div class=\"elementor-widget-container\">\n\t\t\t\t\t<h2 class=\"elementor-heading-title elementor-size-default\">R\u00e9servations<\/h2>\t\t\t\t<\/div>\n\t\t\t\t<\/div>\n\t\t\t\t<div class=\"elementor-element elementor-element-59b3332 elementor-widget elementor-widget-text-editor\" data-id=\"59b3332\" data-element_type=\"widget\" data-e-type=\"widget\" data-widget_type=\"text-editor.default\">\n\t\t\t\t<div class=\"elementor-widget-container\">\n\t\t\t\t\t\t\t\t\t<p>Toutes les r\u00e9servations doivent \u00eatre effectu\u00e9es via notre site Internet ou par des canaux autoris\u00e9s. La confirmation de r\u00e9servation sera envoy\u00e9e d\u00e8s r\u00e9ception du paiement.<\/p>\t\t\t\t\t\t\t\t<\/div>\n\t\t\t\t<\/div>\n\t\t\t\t<div class=\"elementor-element elementor-element-653786e elementor-widget elementor-widget-heading\" data-id=\"653786e\" data-element_type=\"widget\" data-e-type=\"widget\" data-widget_type=\"heading.default\">\n\t\t\t\t<div class=\"elementor-widget-container\">\n\t\t\t\t\t<h2 class=\"elementor-heading-title elementor-size-default\">Conditions de paiement<\/h2>\t\t\t\t<\/div>\n\t\t\t\t<\/div>\n\t\t\t\t<div class=\"elementor-element elementor-element-b6c67b1 elementor-widget elementor-widget-text-editor\" data-id=\"b6c67b1\" data-element_type=\"widget\" data-e-type=\"widget\" data-widget_type=\"text-editor.default\">\n\t\t\t\t<div class=\"elementor-widget-container\">\n\t\t\t\t\t\t\t\t\t<p>Le paiement complet est requis pour la confirmation de la r\u00e9servation. La m\u00e9thode de paiement accept\u00e9e est la carte de cr\u00e9dit.<\/p>\t\t\t\t\t\t\t\t<\/div>\n\t\t\t\t<\/div>\n\t\t\t\t<div class=\"elementor-element elementor-element-6df7417 elementor-widget elementor-widget-heading\" data-id=\"6df7417\" data-element_type=\"widget\" data-e-type=\"widget\" data-widget_type=\"heading.default\">\n\t\t\t\t<div class=\"elementor-widget-container\">\n\t\t\t\t\t<h2 class=\"elementor-heading-title elementor-size-default\">Politique d'annulation<\/h2>\t\t\t\t<\/div>\n\t\t\t\t<\/div>\n\t\t\t\t<div class=\"elementor-element elementor-element-bf6480c elementor-widget elementor-widget-text-editor\" data-id=\"bf6480c\" data-element_type=\"widget\" data-e-type=\"widget\" data-widget_type=\"text-editor.default\">\n\t\t\t\t<div class=\"elementor-widget-container\">\n\t\t\t\t\t\t\t\t\t<p class=\"translation-block\">La r\u00e9servation d'une chambre simple doit \u00eatre annul\u00e9e 7 jours avant l'arriv\u00e9e. La r\u00e9servation de la villa enti\u00e8re doit \u00eatre annul\u00e9e 30 jours avant l'arriv\u00e9e.<\/p>\t\t\t\t\t\t\t\t<\/div>\n\t\t\t\t<\/div>\n\t\t\t\t<div class=\"elementor-element elementor-element-d8f8ce1 elementor-widget elementor-widget-heading\" data-id=\"d8f8ce1\" data-element_type=\"widget\" data-e-type=\"widget\" data-widget_type=\"heading.default\">\n\t\t\t\t<div class=\"elementor-widget-container\">\n\t\t\t\t\t<h2 class=\"elementor-heading-title elementor-size-default\">Entr\u00e9e et sortie<\/h2>\t\t\t\t<\/div>\n\t\t\t\t<\/div>\n\t\t\t\t<div class=\"elementor-element elementor-element-69939c1 elementor-widget elementor-widget-text-editor\" data-id=\"69939c1\" data-element_type=\"widget\" data-e-type=\"widget\" data-widget_type=\"text-editor.default\">\n\t\t\t\t<div class=\"elementor-widget-container\">\n\t\t\t\t\t\t\t\t\t<p class=\"translation-block\">L'enregistrement s'effectue entre 15\u00a0h\u00a000 et 19\u00a0h\u00a000 et le d\u00e9part avant 11\u00a0h\u00a000. Les arriv\u00e9es anticip\u00e9es et les d\u00e9parts tardifs sont soumis \u00e0 disponibilit\u00e9 et entra\u00eenent des frais suppl\u00e9mentaires.<\/p>\t\t\t\t\t\t\t\t<\/div>\n\t\t\t\t<\/div>\n\t\t\t\t<div class=\"elementor-element elementor-element-3926171 elementor-widget elementor-widget-heading\" data-id=\"3926171\" data-element_type=\"widget\" data-e-type=\"widget\" data-widget_type=\"heading.default\">\n\t\t\t\t<div class=\"elementor-widget-container\">\n\t\t\t\t\t<h2 class=\"elementor-heading-title elementor-size-default\">Responsabilit\u00e9 de nos h\u00f4tes<\/h2>\t\t\t\t<\/div>\n\t\t\t\t<\/div>\n\t\t\t\t<div class=\"elementor-element elementor-element-c9e08b3 elementor-widget elementor-widget-text-editor\" data-id=\"c9e08b3\" data-element_type=\"widget\" data-e-type=\"widget\" data-widget_type=\"text-editor.default\">\n\t\t\t\t<div class=\"elementor-widget-container\">\n\t\t\t\t\t\t\t\t\t<p>Les clients sont responsables de leur comportement pendant leur s\u00e9jour et doivent respecter les r\u00e8gles et politiques de la villa. Tout dommage entra\u00eenera des frais.<\/p>\t\t\t\t\t\t\t\t<\/div>\n\t\t\t\t<\/div>\n\t\t\t\t<div class=\"elementor-element elementor-element-f3bddc0 elementor-widget elementor-widget-heading\" data-id=\"f3bddc0\" data-element_type=\"widget\" data-e-type=\"widget\" data-widget_type=\"heading.default\">\n\t\t\t\t<div class=\"elementor-widget-container\">\n\t\t\t\t\t<h2 class=\"elementor-heading-title elementor-size-default\">Utilisation de la Maison<\/h2>\t\t\t\t<\/div>\n\t\t\t\t<\/div>\n\t\t\t\t<div class=\"elementor-element elementor-element-244c683 elementor-widget elementor-widget-text-editor\" data-id=\"244c683\" data-element_type=\"widget\" data-e-type=\"widget\" data-widget_type=\"text-editor.default\">\n\t\t\t\t<div class=\"elementor-widget-container\">\n\t\t\t\t\t\t\t\t\t<p>L'utilisation des installations doit \u00eatre conforme aux directives de la villa. Toute mauvaise utilisation ou tout endommagement des installations entra\u00eenera des frais suppl\u00e9mentaires ou l'annulation de votre s\u00e9jour.<\/p>\t\t\t\t\t\t\t\t<\/div>\n\t\t\t\t<\/div>\n\t\t\t\t<div class=\"elementor-element elementor-element-87a5108 elementor-widget elementor-widget-heading\" data-id=\"87a5108\" data-element_type=\"widget\" data-e-type=\"widget\" data-widget_type=\"heading.default\">\n\t\t\t\t<div class=\"elementor-widget-container\">\n\t\t\t\t\t<h2 class=\"elementor-heading-title elementor-size-default\">Contact<\/h2>\t\t\t\t<\/div>\n\t\t\t\t<\/div>\n\t\t\t\t<div class=\"elementor-element elementor-element-8f0a715 elementor-widget elementor-widget-text-editor\" data-id=\"8f0a715\" data-element_type=\"widget\" data-e-type=\"widget\" data-widget_type=\"text-editor.default\">\n\t\t\t\t<div class=\"elementor-widget-container\">\n\t\t\t\t\t\t\t\t\t<p>Si vous avez une quelconque question concernant nos conditions, vous pouvez nous contacter:<\/p><p><strong>Par email:<\/strong> <span style=\"color: #000000;\"><a style=\"color: #000000;\" href=\"mailto:laurentmarais@villapuebla.com\">laurentmarais@villapuebla.com<\/a><\/span><br \/><strong>Par t\u00e9l\u00e9phone:<\/strong><span style=\"color: #000000;\"><a style=\"color: #000000;\" href=\"tel:+33630671374\">+33630671374<\/a><\/span><\/p>\t\t\t\t\t\t\t\t<\/div>\n\t\t\t\t<\/div>\n\t\t\t\t<div class=\"elementor-element elementor-element-cb31538 elementor-widget-divider--view-line elementor-widget elementor-widget-divider\" data-id=\"cb31538\" data-element_type=\"widget\" data-e-type=\"widget\" data-widget_type=\"divider.default\">\n\t\t\t\t<div class=\"elementor-widget-container\">\n\t\t\t\t\t\t\t<div class=\"elementor-divider\">\n\t\t\t<span class=\"elementor-divider-separator\">\n\t\t\t\t\t\t<\/span>\n\t\t<\/div>\n\t\t\t\t\t\t<\/div>\n\t\t\t\t<\/div>\n\t\t\t\t<\/div>\n\t\t\t\t\t<\/div>\n\t\t\t\t<\/div>\n\t\t\t\t<\/div>","protected":false},"excerpt":{"rendered":"<p>Terms and conditions Home \/ Terms and conditions Acceptance of Terms By accessing our website and services, you agree to abide by these Terms and Conditions and all applicable laws. Booking and Reservations All bookings must be made through our website or authorized channels. Confirmation of reservations will be sent upon receipt of payment. Payment Terms Full payment is required to confirm your booking. Accepted payment method\u00a0 credit cards. Cancellation Policy Single room booking should be cancelled 7 days prior to arrival. Entire villa booking should be cancelled 30 days prior to arrival.\u00a0 Check-In and Check-Out Check-in time is between 15 &#8211; 19, and check-out by 11.\u00a0Early check-ins and late check-outs are subject to availability and additional charges. Guest Responsibilities Guests are responsible for their behavior during their stay and must adhere to the villa\u2019s rules and policies. Any damage will incur charges. Use of Facilities Use of facilities must comply with the villa&#8217;s guidelines. Misuse or damage of facilities will result in additional charges or cancellation of your stay. Contact Us If you have any questions about these Terms and conditions, You can contact us: By email: laurentmarais@villapuebla.comBy phone number:+33630671374<\/p>","protected":false},"author":1,"featured_media":0,"parent":0,"menu_order":0,"comment_status":"closed","ping_status":"closed","template":"elementor_header_footer","meta":{"footnotes":""},"class_list":["post-4046","page","type-page","status-publish","hentry"],"yoast_head":"<!-- This site is optimized with the Yoast SEO plugin v26.9 - https:\/\/yoast.com\/product\/yoast-seo-wordpress\/ -->\n<title>Terms and Conditions - Villa Puebla<\/title>\n<meta name=\"robots\" content=\"index, follow, max-snippet:-1, max-image-preview:large, max-video-preview:-1\" \/>\n<link rel=\"canonical\" href=\"https:\/\/villapuebla.com\/fr\/terms-and-conditions\/\" \/>\n<meta property=\"og:locale\" content=\"fr_FR\" \/>\n<meta property=\"og:type\" content=\"article\" \/>\n<meta property=\"og:title\" content=\"Terms and Conditions - Villa Puebla\" \/>\n<meta property=\"og:description\" content=\"Terms and conditions Home \/ Terms and conditions Acceptance of Terms By accessing our website and services, you agree to abide by these Terms and Conditions and all applicable laws. Booking and Reservations All bookings must be made through our website or authorized channels. Confirmation of reservations will be sent upon receipt of payment. Payment Terms Full payment is required to confirm your booking. Accepted payment method\u00a0 credit cards. Cancellation Policy Single room booking should be cancelled 7 days prior to arrival. Entire villa booking should be cancelled 30 days prior to arrival.\u00a0 Check-In and Check-Out Check-in time is between 15 &#8211; 19, and check-out by 11.\u00a0Early check-ins and late check-outs are subject to availability and additional charges. Guest Responsibilities Guests are responsible for their behavior during their stay and must adhere to the villa\u2019s rules and policies. Any damage will incur charges. Use of Facilities Use of facilities must comply with the villa&#8217;s guidelines. Misuse or damage of facilities will result in additional charges or cancellation of your stay. Contact Us If you have any questions about these Terms and conditions, You can contact us: By email: laurentmarais@villapuebla.comBy phone number:+33630671374\" \/>\n<meta property=\"og:url\" content=\"https:\/\/villapuebla.com\/fr\/terms-and-conditions\/\" \/>\n<meta property=\"og:site_name\" content=\"Villa Puebla\" \/>\n<meta property=\"article:modified_time\" content=\"2025-01-27T13:06:59+00:00\" \/>\n<meta name=\"twitter:card\" content=\"summary_large_image\" \/>\n<meta name=\"twitter:label1\" content=\"Dur\u00e9e de lecture estim\u00e9e\" \/>\n\t<meta name=\"twitter:data1\" content=\"1 minute\" \/>\n<script type=\"application\/ld+json\" class=\"yoast-schema-graph\">{\"@context\":\"https:\/\/schema.org\",\"@graph\":[{\"@type\":\"WebPage\",\"@id\":\"https:\/\/villapuebla.com\/terms-and-conditions\/\",\"url\":\"https:\/\/villapuebla.com\/terms-and-conditions\/\",\"name\":\"Terms and Conditions - Villa Puebla\",\"isPartOf\":{\"@id\":\"https:\/\/villapuebla.com\/#website\"},\"datePublished\":\"2024-09-05T13:17:55+00:00\",\"dateModified\":\"2025-01-27T13:06:59+00:00\",\"breadcrumb\":{\"@id\":\"https:\/\/villapuebla.com\/terms-and-conditions\/#breadcrumb\"},\"inLanguage\":\"fr-FR\",\"potentialAction\":[{\"@type\":\"ReadAction\",\"target\":[\"https:\/\/villapuebla.com\/terms-and-conditions\/\"]}]},{\"@type\":\"BreadcrumbList\",\"@id\":\"https:\/\/villapuebla.com\/terms-and-conditions\/#breadcrumb\",\"itemListElement\":[{\"@type\":\"ListItem\",\"position\":1,\"name\":\"Home\",\"item\":\"https:\/\/villapuebla.com\/\"},{\"@type\":\"ListItem\",\"position\":2,\"name\":\"Terms and Conditions\"}]},{\"@type\":\"WebSite\",\"@id\":\"https:\/\/villapuebla.com\/#website\",\"url\":\"https:\/\/villapuebla.com\/\",\"name\":\"Villa Puebla\",\"description\":\"\",\"publisher\":{\"@id\":\"https:\/\/villapuebla.com\/#organization\"},\"potentialAction\":[{\"@type\":\"SearchAction\",\"target\":{\"@type\":\"EntryPoint\",\"urlTemplate\":\"https:\/\/villapuebla.com\/?s={search_term_string}\"},\"query-input\":{\"@type\":\"PropertyValueSpecification\",\"valueRequired\":true,\"valueName\":\"search_term_string\"}}],\"inLanguage\":\"fr-FR\"},{\"@type\":\"Organization\",\"@id\":\"https:\/\/villapuebla.com\/#organization\",\"name\":\"Villa Puebla\",\"url\":\"https:\/\/villapuebla.com\/\",\"logo\":{\"@type\":\"ImageObject\",\"inLanguage\":\"fr-FR\",\"@id\":\"https:\/\/villapuebla.com\/#\/schema\/logo\/image\/\",\"url\":\"https:\/\/villapuebla.com\/wp-content\/uploads\/2024\/08\/image.png\",\"contentUrl\":\"https:\/\/villapuebla.com\/wp-content\/uploads\/2024\/08\/image.png\",\"width\":598,\"height\":850,\"caption\":\"Villa Puebla\"},\"image\":{\"@id\":\"https:\/\/villapuebla.com\/#\/schema\/logo\/image\/\"}}]}<\/script>\n<!-- \/ Yoast SEO plugin. -->","yoast_head_json":{"title":"Terms and Conditions - Villa Puebla","robots":{"index":"index","follow":"follow","max-snippet":"max-snippet:-1","max-image-preview":"max-image-preview:large","max-video-preview":"max-video-preview:-1"},"canonical":"https:\/\/villapuebla.com\/fr\/terms-and-conditions\/","og_locale":"fr_FR","og_type":"article","og_title":"Terms and Conditions - Villa Puebla","og_description":"Terms and conditions Home \/ Terms and conditions Acceptance of Terms By accessing our website and services, you agree to abide by these Terms and Conditions and all applicable laws. Booking and Reservations All bookings must be made through our website or authorized channels. Confirmation of reservations will be sent upon receipt of payment. Payment Terms Full payment is required to confirm your booking. Accepted payment method\u00a0 credit cards. Cancellation Policy Single room booking should be cancelled 7 days prior to arrival. Entire villa booking should be cancelled 30 days prior to arrival.\u00a0 Check-In and Check-Out Check-in time is between 15 &#8211; 19, and check-out by 11.\u00a0Early check-ins and late check-outs are subject to availability and additional charges. Guest Responsibilities Guests are responsible for their behavior during their stay and must adhere to the villa\u2019s rules and policies. Any damage will incur charges. Use of Facilities Use of facilities must comply with the villa&#8217;s guidelines. Misuse or damage of facilities will result in additional charges or cancellation of your stay. Contact Us If you have any questions about these Terms and conditions, You can contact us: By email: laurentmarais@villapuebla.comBy phone number:+33630671374","og_url":"https:\/\/villapuebla.com\/fr\/terms-and-conditions\/","og_site_name":"Villa Puebla","article_modified_time":"2025-01-27T13:06:59+00:00","twitter_card":"summary_large_image","twitter_misc":{"Dur\u00e9e de lecture estim\u00e9e":"1 minute"},"schema":{"@context":"https:\/\/schema.org","@graph":[{"@type":"WebPage","@id":"https:\/\/villapuebla.com\/terms-and-conditions\/","url":"https:\/\/villapuebla.com\/terms-and-conditions\/","name":"Terms and Conditions - Villa Puebla","isPartOf":{"@id":"https:\/\/villapuebla.com\/#website"},"datePublished":"2024-09-05T13:17:55+00:00","dateModified":"2025-01-27T13:06:59+00:00","breadcrumb":{"@id":"https:\/\/villapuebla.com\/terms-and-conditions\/#breadcrumb"},"inLanguage":"fr-FR","potentialAction":[{"@type":"ReadAction","target":["https:\/\/villapuebla.com\/terms-and-conditions\/"]}]},{"@type":"BreadcrumbList","@id":"https:\/\/villapuebla.com\/terms-and-conditions\/#breadcrumb","itemListElement":[{"@type":"ListItem","position":1,"name":"Home","item":"https:\/\/villapuebla.com\/"},{"@type":"ListItem","position":2,"name":"Terms and Conditions"}]},{"@type":"WebSite","@id":"https:\/\/villapuebla.com\/#website","url":"https:\/\/villapuebla.com\/","name":"Villa Puebla","description":"","publisher":{"@id":"https:\/\/villapuebla.com\/#organization"},"potentialAction":[{"@type":"SearchAction","target":{"@type":"EntryPoint","urlTemplate":"https:\/\/villapuebla.com\/?s={search_term_string}"},"query-input":{"@type":"PropertyValueSpecification","valueRequired":true,"valueName":"search_term_string"}}],"inLanguage":"fr-FR"},{"@type":"Organization","@id":"https:\/\/villapuebla.com\/#organization","name":"Villa Puebla","url":"https:\/\/villapuebla.com\/","logo":{"@type":"ImageObject","inLanguage":"fr-FR","@id":"https:\/\/villapuebla.com\/#\/schema\/logo\/image\/","url":"https:\/\/villapuebla.com\/wp-content\/uploads\/2024\/08\/image.png","contentUrl":"https:\/\/villapuebla.com\/wp-content\/uploads\/2024\/08\/image.png","width":598,"height":850,"caption":"Villa Puebla"},"image":{"@id":"https:\/\/villapuebla.com\/#\/schema\/logo\/image\/"}}]}},"_links":{"self":[{"href":"https:\/\/villapuebla.com\/fr\/wp-json\/wp\/v2\/pages\/4046","targetHints":{"allow":["GET"]}}],"collection":[{"href":"https:\/\/villapuebla.com\/fr\/wp-json\/wp\/v2\/pages"}],"about":[{"href":"https:\/\/villapuebla.com\/fr\/wp-json\/wp\/v2\/types\/page"}],"author":[{"embeddable":true,"href":"https:\/\/villapuebla.com\/fr\/wp-json\/wp\/v2\/users\/1"}],"replies":[{"embeddable":true,"href":"https:\/\/villapuebla.com\/fr\/wp-json\/wp\/v2\/comments?post=4046"}],"version-history":[{"count":0,"href":"https:\/\/villapuebla.com\/fr\/wp-json\/wp\/v2\/pages\/4046\/revisions"}],"wp:attachment":[{"href":"https:\/\/villapuebla.com\/fr\/wp-json\/wp\/v2\/media?parent=4046"}],"curies":[{"name":"wp","href":"https:\/\/api.w.org\/{rel}","templated":true}]}}