{"id":4035,"date":"2024-09-05T13:14:30","date_gmt":"2024-09-05T13:14:30","guid":{"rendered":"https:\/\/villapuebla.com\/?page_id=4035"},"modified":"2024-09-13T06:32:02","modified_gmt":"2024-09-13T06:32:02","slug":"disclaimer","status":"publish","type":"page","link":"https:\/\/villapuebla.com\/fr\/disclaimer\/","title":{"rendered":"Non responsabilit\u00e9"},"content":{"rendered":"<div data-elementor-type=\"wp-page\" data-elementor-id=\"4035\" class=\"elementor elementor-4035\" data-elementor-post-type=\"page\">\n\t\t\t\t<div class=\"elementor-element elementor-element-89b7d43 e-con-full e-flex wpr-particle-no wpr-jarallax-no wpr-parallax-no wpr-sticky-section-no e-con e-parent\" data-id=\"89b7d43\" data-element_type=\"container\" data-e-type=\"container\" data-settings=\"{&quot;background_background&quot;:&quot;classic&quot;}\">\n\t\t\t\t<div class=\"elementor-element elementor-element-9d0271c elementor-widget elementor-widget-heading\" data-id=\"9d0271c\" data-element_type=\"widget\" data-e-type=\"widget\" data-widget_type=\"heading.default\">\n\t\t\t\t<div class=\"elementor-widget-container\">\n\t\t\t\t\t<h2 class=\"elementor-heading-title elementor-size-default\">Non responsabilit\u00e9<\/h2>\t\t\t\t<\/div>\n\t\t\t\t<\/div>\n\t\t<div class=\"elementor-element elementor-element-36a31c4 e-con-full e-flex wpr-particle-no wpr-jarallax-no wpr-parallax-no wpr-sticky-section-no e-con e-child\" data-id=\"36a31c4\" data-element_type=\"container\" data-e-type=\"container\" data-settings=\"{&quot;background_background&quot;:&quot;classic&quot;}\">\n\t\t\t\t<div class=\"elementor-element elementor-element-03f92b5 elementor-widget elementor-widget-text-editor\" data-id=\"03f92b5\" data-element_type=\"widget\" data-e-type=\"widget\" data-widget_type=\"text-editor.default\">\n\t\t\t\t<div class=\"elementor-widget-container\">\n\t\t\t\t\t\t\t\t\t<p>Accueil \/ Non responsabilit\u00e9<\/p>\t\t\t\t\t\t\t\t<\/div>\n\t\t\t\t<\/div>\n\t\t\t\t<\/div>\n\t\t\t\t<div class=\"elementor-element elementor-element-11fc864 elementor-view-default elementor-widget elementor-widget-icon\" data-id=\"11fc864\" data-element_type=\"widget\" data-e-type=\"widget\" data-widget_type=\"icon.default\">\n\t\t\t\t<div class=\"elementor-widget-container\">\n\t\t\t\t\t\t\t<div class=\"elementor-icon-wrapper\">\n\t\t\t<div class=\"elementor-icon\">\n\t\t\t<i aria-hidden=\"true\" class=\"icon icon-chevron-down-circle\"><\/i>\t\t\t<\/div>\n\t\t<\/div>\n\t\t\t\t\t\t<\/div>\n\t\t\t\t<\/div>\n\t\t\t\t<\/div>\n\t\t<div class=\"elementor-element elementor-element-5133b0b e-flex e-con-boxed wpr-particle-no wpr-jarallax-no wpr-parallax-no wpr-sticky-section-no e-con e-parent\" data-id=\"5133b0b\" data-element_type=\"container\" data-e-type=\"container\">\n\t\t\t\t\t<div class=\"e-con-inner\">\n\t\t<div class=\"elementor-element elementor-element-9061797 e-con-full e-flex wpr-particle-no wpr-jarallax-no wpr-parallax-no wpr-sticky-section-no e-con e-child\" data-id=\"9061797\" data-element_type=\"container\" data-e-type=\"container\">\n\t\t\t\t<div class=\"elementor-element elementor-element-09c8c59 elementor-widget elementor-widget-heading\" data-id=\"09c8c59\" data-element_type=\"widget\" data-e-type=\"widget\" data-widget_type=\"heading.default\">\n\t\t\t\t<div class=\"elementor-widget-container\">\n\t\t\t\t\t<h2 class=\"elementor-heading-title elementor-size-default\">Responsabilit\u00e9 g\u00e9n\u00e9rale<\/h2>\t\t\t\t<\/div>\n\t\t\t\t<\/div>\n\t\t\t\t<div class=\"elementor-element elementor-element-8421ee3 elementor-widget elementor-widget-text-editor\" data-id=\"8421ee3\" data-element_type=\"widget\" data-e-type=\"widget\" data-widget_type=\"text-editor.default\">\n\t\t\t\t<div class=\"elementor-widget-container\">\n\t\t\t\t\t\t\t\t\t<p>Les informations fournies sur notre site Web sont fournies \u00e0 titre informatif uniquement et sont susceptibles d'\u00eatre modifi\u00e9es sans pr\u00e9avis.<\/p>\t\t\t\t\t\t\t\t<\/div>\n\t\t\t\t<\/div>\n\t\t\t\t<div class=\"elementor-element elementor-element-495a7d8 elementor-widget elementor-widget-heading\" data-id=\"495a7d8\" data-element_type=\"widget\" data-e-type=\"widget\" data-widget_type=\"heading.default\">\n\t\t\t\t<div class=\"elementor-widget-container\">\n\t\t\t\t\t<h2 class=\"elementor-heading-title elementor-size-default\">Exactitude des informations<\/h2>\t\t\t\t<\/div>\n\t\t\t\t<\/div>\n\t\t\t\t<div class=\"elementor-element elementor-element-59b3332 elementor-widget elementor-widget-text-editor\" data-id=\"59b3332\" data-element_type=\"widget\" data-e-type=\"widget\" data-widget_type=\"text-editor.default\">\n\t\t\t\t<div class=\"elementor-widget-container\">\n\t\t\t\t\t\t\t\t\t<p>Bien que nous nous efforcions d'\u00eatre pr\u00e9cis, Villa Puebla ne garantit pas que toutes les informations sur ce site sont compl\u00e8tes ou \u00e0 jour.<\/p>\t\t\t\t\t\t\t\t<\/div>\n\t\t\t\t<\/div>\n\t\t\t\t<div class=\"elementor-element elementor-element-653786e elementor-widget elementor-widget-heading\" data-id=\"653786e\" data-element_type=\"widget\" data-e-type=\"widget\" data-widget_type=\"heading.default\">\n\t\t\t\t<div class=\"elementor-widget-container\">\n\t\t\t\t\t<h2 class=\"elementor-heading-title elementor-size-default\">Liens externes<\/h2>\t\t\t\t<\/div>\n\t\t\t\t<\/div>\n\t\t\t\t<div class=\"elementor-element elementor-element-b6c67b1 elementor-widget elementor-widget-text-editor\" data-id=\"b6c67b1\" data-element_type=\"widget\" data-e-type=\"widget\" data-widget_type=\"text-editor.default\">\n\t\t\t\t<div class=\"elementor-widget-container\">\n\t\t\t\t\t\t\t\t\t<p>Notre site peut contenir des liens vers des sites Web externes. Nous ne sommes pas responsables du contenu ou de l'exactitude de ces sites externes.<\/p>\t\t\t\t\t\t\t\t<\/div>\n\t\t\t\t<\/div>\n\t\t\t\t<div class=\"elementor-element elementor-element-6df7417 elementor-widget elementor-widget-heading\" data-id=\"6df7417\" data-element_type=\"widget\" data-e-type=\"widget\" data-widget_type=\"heading.default\">\n\t\t\t\t<div class=\"elementor-widget-container\">\n\t\t\t\t\t<h2 class=\"elementor-heading-title elementor-size-default\">Erreur de r\u00e9servations<\/h2>\t\t\t\t<\/div>\n\t\t\t\t<\/div>\n\t\t\t\t<div class=\"elementor-element elementor-element-bf6480c elementor-widget elementor-widget-text-editor\" data-id=\"bf6480c\" data-element_type=\"widget\" data-e-type=\"widget\" data-widget_type=\"text-editor.default\">\n\t\t\t\t<div class=\"elementor-widget-container\">\n\t\t\t\t\t\t\t\t\t<p>Les erreurs dans les d\u00e9tails de r\u00e9servation doivent \u00eatre signal\u00e9es imm\u00e9diatement. Villa Puebla n'est pas responsable des inexactitudes ou des erreurs de communication.<\/p>\t\t\t\t\t\t\t\t<\/div>\n\t\t\t\t<\/div>\n\t\t\t\t<div class=\"elementor-element elementor-element-d8f8ce1 elementor-widget elementor-widget-heading\" data-id=\"d8f8ce1\" data-element_type=\"widget\" data-e-type=\"widget\" data-widget_type=\"heading.default\">\n\t\t\t\t<div class=\"elementor-widget-container\">\n\t\t\t\t\t<h2 class=\"elementor-heading-title elementor-size-default\">Limites de responsabilit\u00e9<\/h2>\t\t\t\t<\/div>\n\t\t\t\t<\/div>\n\t\t\t\t<div class=\"elementor-element elementor-element-69939c1 elementor-widget elementor-widget-text-editor\" data-id=\"69939c1\" data-element_type=\"widget\" data-e-type=\"widget\" data-widget_type=\"text-editor.default\">\n\t\t\t\t<div class=\"elementor-widget-container\">\n\t\t\t\t\t\t\t\t\t<p>Villa Puebla n'est pas responsable des dommages indirects, accessoires ou cons\u00e9cutifs r\u00e9sultant de votre utilisation de nos services ou de notre site Web.<\/p>\t\t\t\t\t\t\t\t<\/div>\n\t\t\t\t<\/div>\n\t\t\t\t<div class=\"elementor-element elementor-element-3926171 elementor-widget elementor-widget-heading\" data-id=\"3926171\" data-element_type=\"widget\" data-e-type=\"widget\" data-widget_type=\"heading.default\">\n\t\t\t\t<div class=\"elementor-widget-container\">\n\t\t\t\t\t<h2 class=\"elementor-heading-title elementor-size-default\">Service Availability<\/h2>\t\t\t\t<\/div>\n\t\t\t\t<\/div>\n\t\t\t\t<div class=\"elementor-element elementor-element-c9e08b3 elementor-widget elementor-widget-text-editor\" data-id=\"c9e08b3\" data-element_type=\"widget\" data-e-type=\"widget\" data-widget_type=\"text-editor.default\">\n\t\t\t\t<div class=\"elementor-widget-container\">\n\t\t\t\t\t\t\t\t\t<p>Availability of services and facilities is subject to change. Villa Puebla reserves the right to modify or discontinue services as needed.<\/p>\t\t\t\t\t\t\t\t<\/div>\n\t\t\t\t<\/div>\n\t\t\t\t<div class=\"elementor-element elementor-element-f3bddc0 elementor-widget elementor-widget-heading\" data-id=\"f3bddc0\" data-element_type=\"widget\" data-e-type=\"widget\" data-widget_type=\"heading.default\">\n\t\t\t\t<div class=\"elementor-widget-container\">\n\t\t\t\t\t<h2 class=\"elementor-heading-title elementor-size-default\">Protection des donn\u00e9es personnelles<\/h2>\t\t\t\t<\/div>\n\t\t\t\t<\/div>\n\t\t\t\t<div class=\"elementor-element elementor-element-244c683 elementor-widget elementor-widget-text-editor\" data-id=\"244c683\" data-element_type=\"widget\" data-e-type=\"widget\" data-widget_type=\"text-editor.default\">\n\t\t\t\t<div class=\"elementor-widget-container\">\n\t\t\t\t\t\t\t\t\t<p>Nous prenons des mesures raisonnables pour prot\u00e9ger vos donn\u00e9es personnelles, mais nous ne pouvons pas garantir une s\u00e9curit\u00e9 compl\u00e8te contre les acc\u00e8s non autoris\u00e9s ou les violations.<\/p>\t\t\t\t\t\t\t\t<\/div>\n\t\t\t\t<\/div>\n\t\t\t\t<div class=\"elementor-element elementor-element-87a5108 elementor-widget elementor-widget-heading\" data-id=\"87a5108\" data-element_type=\"widget\" data-e-type=\"widget\" data-widget_type=\"heading.default\">\n\t\t\t\t<div class=\"elementor-widget-container\">\n\t\t\t\t\t<h2 class=\"elementor-heading-title elementor-size-default\">Contact<\/h2>\t\t\t\t<\/div>\n\t\t\t\t<\/div>\n\t\t\t\t<div class=\"elementor-element elementor-element-8f0a715 elementor-widget elementor-widget-text-editor\" data-id=\"8f0a715\" data-element_type=\"widget\" data-e-type=\"widget\" data-widget_type=\"text-editor.default\">\n\t\t\t\t<div class=\"elementor-widget-container\">\n\t\t\t\t\t\t\t\t\t<p>Si vous avez des questions sur ces clauses de non-responsabilit\u00e9, vous pouvez nous contacter :<\/p><p><strong>Par email:<\/strong> <span style=\"color: #000000;\"><a style=\"color: #000000;\" href=\"mailto:laurentmarais@villapuebla.com\">laurentmarais@villapuebla.com<\/a><\/span><br \/><strong>Par t\u00e9l\u00e9phone:<\/strong><span style=\"color: #000000;\"><a style=\"color: #000000;\" href=\"tel:+33630671374\">+33630671374<\/a><\/span><\/p>\t\t\t\t\t\t\t\t<\/div>\n\t\t\t\t<\/div>\n\t\t\t\t<div class=\"elementor-element elementor-element-cb31538 elementor-widget-divider--view-line elementor-widget elementor-widget-divider\" data-id=\"cb31538\" data-element_type=\"widget\" data-e-type=\"widget\" data-widget_type=\"divider.default\">\n\t\t\t\t<div class=\"elementor-widget-container\">\n\t\t\t\t\t\t\t<div class=\"elementor-divider\">\n\t\t\t<span class=\"elementor-divider-separator\">\n\t\t\t\t\t\t<\/span>\n\t\t<\/div>\n\t\t\t\t\t\t<\/div>\n\t\t\t\t<\/div>\n\t\t\t\t<\/div>\n\t\t\t\t\t<\/div>\n\t\t\t\t<\/div>\n\t\t\t\t<\/div>","protected":false},"excerpt":{"rendered":"<p>Disclaimer Home \/ Disclaimer General Disclaimer The information provided on our website is for general informational purposes only and is subject to change without notice. Accuracy of Information While we strive for accuracy, Villa Puebla does not guarantee that all information on this site is complete or current. External Links Our site may contain links to external websites. We are not responsible for the content or accuracy of these external sites. Booking Errors Errors in booking or reservation details should be reported immediately. Villa Puebla is not liable for any inaccuracies or miscommunications. Liability Limitations Villa Puebla is not liable for any indirect, incidental, or consequential damages arising from your use of our services or website. Service Availability Availability of services and facilities is subject to change. Villa Puebla reserves the right to modify or discontinue services as needed. Personal Data Protection We take reasonable measures to protect your personal data but cannot guarantee complete security against unauthorized access or breaches. Contact Us If you have any questions about these Disclaimer, You can contact us: By email: laurentmarais@villapuebla.comBy phone number:+33630671374<\/p>","protected":false},"author":1,"featured_media":0,"parent":0,"menu_order":0,"comment_status":"closed","ping_status":"closed","template":"elementor_header_footer","meta":{"footnotes":""},"class_list":["post-4035","page","type-page","status-publish","hentry"],"yoast_head":"<!-- This site is optimized with the Yoast SEO plugin v26.9 - https:\/\/yoast.com\/product\/yoast-seo-wordpress\/ -->\n<title>Disclaimer - Villa Puebla<\/title>\n<meta name=\"robots\" content=\"index, follow, max-snippet:-1, max-image-preview:large, max-video-preview:-1\" \/>\n<link rel=\"canonical\" href=\"https:\/\/villapuebla.com\/fr\/disclaimer\/\" \/>\n<meta property=\"og:locale\" content=\"fr_FR\" \/>\n<meta property=\"og:type\" content=\"article\" \/>\n<meta property=\"og:title\" content=\"Disclaimer - Villa Puebla\" \/>\n<meta property=\"og:description\" content=\"Disclaimer Home \/ Disclaimer General Disclaimer The information provided on our website is for general informational purposes only and is subject to change without notice. Accuracy of Information While we strive for accuracy, Villa Puebla does not guarantee that all information on this site is complete or current. External Links Our site may contain links to external websites. We are not responsible for the content or accuracy of these external sites. Booking Errors Errors in booking or reservation details should be reported immediately. Villa Puebla is not liable for any inaccuracies or miscommunications. Liability Limitations Villa Puebla is not liable for any indirect, incidental, or consequential damages arising from your use of our services or website. Service Availability Availability of services and facilities is subject to change. Villa Puebla reserves the right to modify or discontinue services as needed. Personal Data Protection We take reasonable measures to protect your personal data but cannot guarantee complete security against unauthorized access or breaches. Contact Us If you have any questions about these Disclaimer, You can contact us: By email: laurentmarais@villapuebla.comBy phone number:+33630671374\" \/>\n<meta property=\"og:url\" content=\"https:\/\/villapuebla.com\/fr\/disclaimer\/\" \/>\n<meta property=\"og:site_name\" content=\"Villa Puebla\" \/>\n<meta property=\"article:modified_time\" content=\"2024-09-13T06:32:02+00:00\" \/>\n<meta name=\"twitter:card\" content=\"summary_large_image\" \/>\n<meta name=\"twitter:label1\" content=\"Dur\u00e9e de lecture estim\u00e9e\" \/>\n\t<meta name=\"twitter:data1\" content=\"1 minute\" \/>\n<script type=\"application\/ld+json\" class=\"yoast-schema-graph\">{\"@context\":\"https:\/\/schema.org\",\"@graph\":[{\"@type\":\"WebPage\",\"@id\":\"https:\/\/villapuebla.com\/disclaimer\/\",\"url\":\"https:\/\/villapuebla.com\/disclaimer\/\",\"name\":\"Disclaimer - Villa Puebla\",\"isPartOf\":{\"@id\":\"https:\/\/villapuebla.com\/#website\"},\"datePublished\":\"2024-09-05T13:14:30+00:00\",\"dateModified\":\"2024-09-13T06:32:02+00:00\",\"breadcrumb\":{\"@id\":\"https:\/\/villapuebla.com\/disclaimer\/#breadcrumb\"},\"inLanguage\":\"fr-FR\",\"potentialAction\":[{\"@type\":\"ReadAction\",\"target\":[\"https:\/\/villapuebla.com\/disclaimer\/\"]}]},{\"@type\":\"BreadcrumbList\",\"@id\":\"https:\/\/villapuebla.com\/disclaimer\/#breadcrumb\",\"itemListElement\":[{\"@type\":\"ListItem\",\"position\":1,\"name\":\"Home\",\"item\":\"https:\/\/villapuebla.com\/\"},{\"@type\":\"ListItem\",\"position\":2,\"name\":\"Disclaimer\"}]},{\"@type\":\"WebSite\",\"@id\":\"https:\/\/villapuebla.com\/#website\",\"url\":\"https:\/\/villapuebla.com\/\",\"name\":\"Villa Puebla\",\"description\":\"\",\"publisher\":{\"@id\":\"https:\/\/villapuebla.com\/#organization\"},\"potentialAction\":[{\"@type\":\"SearchAction\",\"target\":{\"@type\":\"EntryPoint\",\"urlTemplate\":\"https:\/\/villapuebla.com\/?s={search_term_string}\"},\"query-input\":{\"@type\":\"PropertyValueSpecification\",\"valueRequired\":true,\"valueName\":\"search_term_string\"}}],\"inLanguage\":\"fr-FR\"},{\"@type\":\"Organization\",\"@id\":\"https:\/\/villapuebla.com\/#organization\",\"name\":\"Villa Puebla\",\"url\":\"https:\/\/villapuebla.com\/\",\"logo\":{\"@type\":\"ImageObject\",\"inLanguage\":\"fr-FR\",\"@id\":\"https:\/\/villapuebla.com\/#\/schema\/logo\/image\/\",\"url\":\"https:\/\/villapuebla.com\/wp-content\/uploads\/2024\/08\/image.png\",\"contentUrl\":\"https:\/\/villapuebla.com\/wp-content\/uploads\/2024\/08\/image.png\",\"width\":598,\"height\":850,\"caption\":\"Villa Puebla\"},\"image\":{\"@id\":\"https:\/\/villapuebla.com\/#\/schema\/logo\/image\/\"}}]}<\/script>\n<!-- \/ Yoast SEO plugin. -->","yoast_head_json":{"title":"Disclaimer - Villa Puebla","robots":{"index":"index","follow":"follow","max-snippet":"max-snippet:-1","max-image-preview":"max-image-preview:large","max-video-preview":"max-video-preview:-1"},"canonical":"https:\/\/villapuebla.com\/fr\/disclaimer\/","og_locale":"fr_FR","og_type":"article","og_title":"Disclaimer - Villa Puebla","og_description":"Disclaimer Home \/ Disclaimer General Disclaimer The information provided on our website is for general informational purposes only and is subject to change without notice. Accuracy of Information While we strive for accuracy, Villa Puebla does not guarantee that all information on this site is complete or current. External Links Our site may contain links to external websites. We are not responsible for the content or accuracy of these external sites. Booking Errors Errors in booking or reservation details should be reported immediately. Villa Puebla is not liable for any inaccuracies or miscommunications. Liability Limitations Villa Puebla is not liable for any indirect, incidental, or consequential damages arising from your use of our services or website. Service Availability Availability of services and facilities is subject to change. Villa Puebla reserves the right to modify or discontinue services as needed. Personal Data Protection We take reasonable measures to protect your personal data but cannot guarantee complete security against unauthorized access or breaches. Contact Us If you have any questions about these Disclaimer, You can contact us: By email: laurentmarais@villapuebla.comBy phone number:+33630671374","og_url":"https:\/\/villapuebla.com\/fr\/disclaimer\/","og_site_name":"Villa Puebla","article_modified_time":"2024-09-13T06:32:02+00:00","twitter_card":"summary_large_image","twitter_misc":{"Dur\u00e9e de lecture estim\u00e9e":"1 minute"},"schema":{"@context":"https:\/\/schema.org","@graph":[{"@type":"WebPage","@id":"https:\/\/villapuebla.com\/disclaimer\/","url":"https:\/\/villapuebla.com\/disclaimer\/","name":"Disclaimer - Villa Puebla","isPartOf":{"@id":"https:\/\/villapuebla.com\/#website"},"datePublished":"2024-09-05T13:14:30+00:00","dateModified":"2024-09-13T06:32:02+00:00","breadcrumb":{"@id":"https:\/\/villapuebla.com\/disclaimer\/#breadcrumb"},"inLanguage":"fr-FR","potentialAction":[{"@type":"ReadAction","target":["https:\/\/villapuebla.com\/disclaimer\/"]}]},{"@type":"BreadcrumbList","@id":"https:\/\/villapuebla.com\/disclaimer\/#breadcrumb","itemListElement":[{"@type":"ListItem","position":1,"name":"Home","item":"https:\/\/villapuebla.com\/"},{"@type":"ListItem","position":2,"name":"Disclaimer"}]},{"@type":"WebSite","@id":"https:\/\/villapuebla.com\/#website","url":"https:\/\/villapuebla.com\/","name":"Villa Puebla","description":"","publisher":{"@id":"https:\/\/villapuebla.com\/#organization"},"potentialAction":[{"@type":"SearchAction","target":{"@type":"EntryPoint","urlTemplate":"https:\/\/villapuebla.com\/?s={search_term_string}"},"query-input":{"@type":"PropertyValueSpecification","valueRequired":true,"valueName":"search_term_string"}}],"inLanguage":"fr-FR"},{"@type":"Organization","@id":"https:\/\/villapuebla.com\/#organization","name":"Villa Puebla","url":"https:\/\/villapuebla.com\/","logo":{"@type":"ImageObject","inLanguage":"fr-FR","@id":"https:\/\/villapuebla.com\/#\/schema\/logo\/image\/","url":"https:\/\/villapuebla.com\/wp-content\/uploads\/2024\/08\/image.png","contentUrl":"https:\/\/villapuebla.com\/wp-content\/uploads\/2024\/08\/image.png","width":598,"height":850,"caption":"Villa Puebla"},"image":{"@id":"https:\/\/villapuebla.com\/#\/schema\/logo\/image\/"}}]}},"_links":{"self":[{"href":"https:\/\/villapuebla.com\/fr\/wp-json\/wp\/v2\/pages\/4035","targetHints":{"allow":["GET"]}}],"collection":[{"href":"https:\/\/villapuebla.com\/fr\/wp-json\/wp\/v2\/pages"}],"about":[{"href":"https:\/\/villapuebla.com\/fr\/wp-json\/wp\/v2\/types\/page"}],"author":[{"embeddable":true,"href":"https:\/\/villapuebla.com\/fr\/wp-json\/wp\/v2\/users\/1"}],"replies":[{"embeddable":true,"href":"https:\/\/villapuebla.com\/fr\/wp-json\/wp\/v2\/comments?post=4035"}],"version-history":[{"count":0,"href":"https:\/\/villapuebla.com\/fr\/wp-json\/wp\/v2\/pages\/4035\/revisions"}],"wp:attachment":[{"href":"https:\/\/villapuebla.com\/fr\/wp-json\/wp\/v2\/media?parent=4035"}],"curies":[{"name":"wp","href":"https:\/\/api.w.org\/{rel}","templated":true}]}}