{"id":4016,"date":"2024-09-05T13:07:39","date_gmt":"2024-09-05T13:07:39","guid":{"rendered":"https:\/\/villapuebla.com\/?page_id=4016"},"modified":"2025-01-17T09:04:24","modified_gmt":"2025-01-17T09:04:24","slug":"refund-policy","status":"publish","type":"page","link":"https:\/\/villapuebla.com\/fr\/refund-policy\/","title":{"rendered":"Notre Politique de remboursement"},"content":{"rendered":"<div data-elementor-type=\"wp-page\" data-elementor-id=\"4016\" class=\"elementor elementor-4016\" data-elementor-post-type=\"page\">\n\t\t\t\t<div class=\"elementor-element elementor-element-89b7d43 e-con-full e-flex wpr-particle-no wpr-jarallax-no wpr-parallax-no wpr-sticky-section-no e-con e-parent\" data-id=\"89b7d43\" data-element_type=\"container\" data-e-type=\"container\" data-settings=\"{&quot;background_background&quot;:&quot;classic&quot;}\">\n\t\t\t\t<div class=\"elementor-element elementor-element-9d0271c elementor-widget elementor-widget-heading\" data-id=\"9d0271c\" data-element_type=\"widget\" data-e-type=\"widget\" data-widget_type=\"heading.default\">\n\t\t\t\t<div class=\"elementor-widget-container\">\n\t\t\t\t\t<h2 class=\"elementor-heading-title elementor-size-default\">Politique de Remboursement<\/h2>\t\t\t\t<\/div>\n\t\t\t\t<\/div>\n\t\t<div class=\"elementor-element elementor-element-36a31c4 e-con-full e-flex wpr-particle-no wpr-jarallax-no wpr-parallax-no wpr-sticky-section-no e-con e-child\" data-id=\"36a31c4\" data-element_type=\"container\" data-e-type=\"container\" data-settings=\"{&quot;background_background&quot;:&quot;classic&quot;}\">\n\t\t\t\t<div class=\"elementor-element elementor-element-03f92b5 elementor-widget elementor-widget-text-editor\" data-id=\"03f92b5\" data-element_type=\"widget\" data-e-type=\"widget\" data-widget_type=\"text-editor.default\">\n\t\t\t\t<div class=\"elementor-widget-container\">\n\t\t\t\t\t\t\t\t\t<p>Accueil \/ Politique de Remboursement<\/p>\t\t\t\t\t\t\t\t<\/div>\n\t\t\t\t<\/div>\n\t\t\t\t<\/div>\n\t\t\t\t<div class=\"elementor-element elementor-element-11fc864 elementor-view-default elementor-widget elementor-widget-icon\" data-id=\"11fc864\" data-element_type=\"widget\" data-e-type=\"widget\" data-widget_type=\"icon.default\">\n\t\t\t\t<div class=\"elementor-widget-container\">\n\t\t\t\t\t\t\t<div class=\"elementor-icon-wrapper\">\n\t\t\t<div class=\"elementor-icon\">\n\t\t\t<i aria-hidden=\"true\" class=\"icon icon-chevron-down-circle\"><\/i>\t\t\t<\/div>\n\t\t<\/div>\n\t\t\t\t\t\t<\/div>\n\t\t\t\t<\/div>\n\t\t\t\t<\/div>\n\t\t<div class=\"elementor-element elementor-element-5133b0b e-flex e-con-boxed wpr-particle-no wpr-jarallax-no wpr-parallax-no wpr-sticky-section-no e-con e-parent\" data-id=\"5133b0b\" data-element_type=\"container\" data-e-type=\"container\">\n\t\t\t\t\t<div class=\"e-con-inner\">\n\t\t<div class=\"elementor-element elementor-element-9061797 e-con-full e-flex wpr-particle-no wpr-jarallax-no wpr-parallax-no wpr-sticky-section-no e-con e-child\" data-id=\"9061797\" data-element_type=\"container\" data-e-type=\"container\">\n\t\t\t\t<div class=\"elementor-element elementor-element-09c8c59 elementor-widget elementor-widget-heading\" data-id=\"09c8c59\" data-element_type=\"widget\" data-e-type=\"widget\" data-widget_type=\"heading.default\">\n\t\t\t\t<div class=\"elementor-widget-container\">\n\t\t\t\t\t<h2 class=\"elementor-heading-title elementor-size-default\">R\u00e9servations et tarifs<\/h2>\t\t\t\t<\/div>\n\t\t\t\t<\/div>\n\t\t\t\t<div class=\"elementor-element elementor-element-8421ee3 elementor-widget elementor-widget-text-editor\" data-id=\"8421ee3\" data-element_type=\"widget\" data-e-type=\"widget\" data-widget_type=\"text-editor.default\">\n\t\t\t\t<div class=\"elementor-widget-container\">\n\t\t\t\t\t\t\t\t\t<ul><li>Les tarifs sont fix\u00e9s par chambre, par nuit et sont susceptibles d'\u00eatre chang\u00e9s sans annonce.<\/li><li>Les taxes de s\u00e9jour sont \u00e0 payer sur place selon le tarif fix\u00e9 localement.<\/li><\/ul>\t\t\t\t\t\t\t\t<\/div>\n\t\t\t\t<\/div>\n\t\t\t\t<div class=\"elementor-element elementor-element-495a7d8 elementor-widget elementor-widget-heading\" data-id=\"495a7d8\" data-element_type=\"widget\" data-e-type=\"widget\" data-widget_type=\"heading.default\">\n\t\t\t\t<div class=\"elementor-widget-container\">\n\t\t\t\t\t<h2 class=\"elementor-heading-title elementor-size-default\">Politique d'annulation<\/h2>\t\t\t\t<\/div>\n\t\t\t\t<\/div>\n\t\t\t\t<div class=\"elementor-element elementor-element-59b3332 elementor-widget elementor-widget-text-editor\" data-id=\"59b3332\" data-element_type=\"widget\" data-e-type=\"widget\" data-widget_type=\"text-editor.default\">\n\t\t\t\t<div class=\"elementor-widget-container\">\n\t\t\t\t\t\t\t\t\t<p>Nous comprenons que vos plans peuvent changer, c'est pourquoi nous proposons une politique d'annulation flexible pour la plupart des r\u00e9servations. Toutefois, certaines restrictions peuvent s'appliquer en fonction du tarif choisi :<\/p><ul><li class=\"translation-block\">Les r\u00e9servations de chambre individuelle peuvent \u00eatre annul\u00e9es gratuitement jusqu'\u00e0 7 jours avant l'arriv\u00e9e. En cas de non-pr\u00e9sentation, la totalit\u00e9 du s\u00e9jour sera factur\u00e9e.<\/li><li class=\"translation-block\">La r\u00e9servation de la villa enti\u00e8re peut \u00eatre annul\u00e9e gratuitement jusqu'\u00e0 30 jours avant l'arriv\u00e9e. En cas de non-pr\u00e9sentation, la totalit\u00e9 du s\u00e9jour sera factur\u00e9e.<\/li><li><strong>Offres sp\u00e9ciales:<\/strong>\u00a0Certaines offres sp\u00e9ciales ou forfaits peuvent avoir des politiques d'annulation diff\u00e9rentes. Veuillez vous r\u00e9f\u00e9rer aux d\u00e9tails sp\u00e9cifiques du tarif choisi au moment de la r\u00e9servation.<p>In the case of an early departure, the full reserved stay will be charged.<\/p><\/li><\/ul>\t\t\t\t\t\t\t\t<\/div>\n\t\t\t\t<\/div>\n\t\t\t\t<div class=\"elementor-element elementor-element-653786e elementor-widget elementor-widget-heading\" data-id=\"653786e\" data-element_type=\"widget\" data-e-type=\"widget\" data-widget_type=\"heading.default\">\n\t\t\t\t<div class=\"elementor-widget-container\">\n\t\t\t\t\t<h2 class=\"elementor-heading-title elementor-size-default\">Comment annuler<\/h2>\t\t\t\t<\/div>\n\t\t\t\t<\/div>\n\t\t\t\t<div class=\"elementor-element elementor-element-b6c67b1 elementor-widget elementor-widget-text-editor\" data-id=\"b6c67b1\" data-element_type=\"widget\" data-e-type=\"widget\" data-widget_type=\"text-editor.default\">\n\t\t\t\t<div class=\"elementor-widget-container\">\n\t\t\t\t\t\t\t\t\t<p>Les annulations doivent \u00eatre re\u00e7ues par \u00e9crit (courriel ou fax) avant la date limite indiqu\u00e9e dans la politique d'annulation choisie (Section 2).<br \/>Vous recevrez un email de confirmation une fois que votre annulation a \u00e9t\u00e9 enregistr\u00e9e.<\/p>\t\t\t\t\t\t\t\t<\/div>\n\t\t\t\t<\/div>\n\t\t\t\t<div class=\"elementor-element elementor-element-6df7417 elementor-widget elementor-widget-heading\" data-id=\"6df7417\" data-element_type=\"widget\" data-e-type=\"widget\" data-widget_type=\"heading.default\">\n\t\t\t\t<div class=\"elementor-widget-container\">\n\t\t\t\t\t<h2 class=\"elementor-heading-title elementor-size-default\">Tarifs non remboursables<\/h2>\t\t\t\t<\/div>\n\t\t\t\t<\/div>\n\t\t\t\t<div class=\"elementor-element elementor-element-bf6480c elementor-widget elementor-widget-text-editor\" data-id=\"bf6480c\" data-element_type=\"widget\" data-e-type=\"widget\" data-widget_type=\"text-editor.default\">\n\t\t\t\t<div class=\"elementor-widget-container\">\n\t\t\t\t\t\t\t\t\t<p>Certaines offres sp\u00e9ciales ou forfaits peuvent \u00eatre non remboursables. Ces tarifs ne peuvent \u00eatre ni annul\u00e9s ni modifi\u00e9s, et la totalit\u00e9 du s\u00e9jour sera factur\u00e9e en cas d'annulation ou de non-pr\u00e9sentation.<\/p><p><strong>Merci de noter:<\/strong><\/p><ul><li>Tous les frais d'annulation seront d\u00e9bit\u00e9s sur la carte de cr\u00e9dit utilis\u00e9e pour la r\u00e9servation.<\/li><li>Nous nous r\u00e9servons le droit d'annuler une r\u00e9servation pour force majeure ou circunstances impr\u00e9vues<\/li><\/ul>\t\t\t\t\t\t\t\t<\/div>\n\t\t\t\t<\/div>\n\t\t\t\t<div class=\"elementor-element elementor-element-c9e08b3 elementor-widget elementor-widget-text-editor\" data-id=\"c9e08b3\" data-element_type=\"widget\" data-e-type=\"widget\" data-widget_type=\"text-editor.default\">\n\t\t\t\t<div class=\"elementor-widget-container\">\n\t\t\t\t\t\t\t\t\t<p>Comprendre les circonstances dans lesquelles des remboursements partiels peuvent \u00eatre accord\u00e9s et comment le montant du remboursement est calcul\u00e9.<\/p>\t\t\t\t\t\t\t\t<\/div>\n\t\t\t\t<\/div>\n\t\t\t\t<div class=\"elementor-element elementor-element-244c683 elementor-widget elementor-widget-text-editor\" data-id=\"244c683\" data-element_type=\"widget\" data-e-type=\"widget\" data-widget_type=\"text-editor.default\">\n\t\t\t\t<div class=\"elementor-widget-container\">\n\t\t\t\t\t\t\t\t\t<p>Se renseigner sur tous les frais non remboursables, y compris les frais de service, les frais de r\u00e9servation ou autres frais non remboursables.<\/p>\t\t\t\t\t\t\t\t<\/div>\n\t\t\t\t<\/div>\n\t\t\t\t<div class=\"elementor-element elementor-element-87a5108 elementor-widget elementor-widget-heading\" data-id=\"87a5108\" data-element_type=\"widget\" data-e-type=\"widget\" data-widget_type=\"heading.default\">\n\t\t\t\t<div class=\"elementor-widget-container\">\n\t\t\t\t\t<h2 class=\"elementor-heading-title elementor-size-default\">Contact<\/h2>\t\t\t\t<\/div>\n\t\t\t\t<\/div>\n\t\t\t\t<div class=\"elementor-element elementor-element-8f0a715 elementor-widget elementor-widget-text-editor\" data-id=\"8f0a715\" data-element_type=\"widget\" data-e-type=\"widget\" data-widget_type=\"text-editor.default\">\n\t\t\t\t<div class=\"elementor-widget-container\">\n\t\t\t\t\t\t\t\t\t<p>Si vous avez une question sur notre politique de remboursement, vous pouvez nous contacter:<\/p>\n<p class=\"translation-block\">Par email: laurentmarais@villapuebla.com\nPar t\u00e9l\u00e9phone: 0630671374 \n\nNous vous recommandons de lire attentivement la politique de remboursement associ\u00e9e au tarif que vous avez r\u00e9serv\u00e9 avant de r\u00e9server. Cela \u00e9vitera un co\u00fbt inatendu.<\/p>\t\t\t\t\t\t\t\t<\/div>\n\t\t\t\t<\/div>\n\t\t\t\t<div class=\"elementor-element elementor-element-cb31538 elementor-widget-divider--view-line elementor-widget elementor-widget-divider\" data-id=\"cb31538\" data-element_type=\"widget\" data-e-type=\"widget\" data-widget_type=\"divider.default\">\n\t\t\t\t<div class=\"elementor-widget-container\">\n\t\t\t\t\t\t\t<div class=\"elementor-divider\">\n\t\t\t<span class=\"elementor-divider-separator\">\n\t\t\t\t\t\t<\/span>\n\t\t<\/div>\n\t\t\t\t\t\t<\/div>\n\t\t\t\t<\/div>\n\t\t\t\t<\/div>\n\t\t\t\t\t<\/div>\n\t\t\t\t<\/div>\n\t\t\t\t<\/div>","protected":false},"excerpt":{"rendered":"<p>Refund Policy Home \/ Refund Policy Reservations and Rates Rates are quoted per room, per night and are subject to change without notice. Local taxes to be paid on site according to local rate Cancellation Policy We understand that plans can change, so we offer a flexible cancellation policy for most reservations. However, some restrictions may apply depending on the rate you choose: Standard Rate:\u00a0Reservations can be cancelled free of charge up to\u00a07\u00a0days prior to arrival. In the event of a no-show, the entire stay will be charged. Special Offers or Packages:\u00a0Certain special offers or packages may have different cancellation policies. Please refer to the specific details of your chosen rate at the time of booking. In the case of an early departure, the full reserved stay will be charged. How to Cancel Cancellations must be received in writing (email or fax) by the deadline outlined in your chosen cancellation policy (Section 2).You will receive a confirmation email once your cancellation has been processed. Non-Refundable Rates Some special offers or packages may be non-refundable. These rates cannot be cancelled or modified, and the full stay will be charged in the event of a cancellation or no-show. Please Note: All cancellation fees will be charged to the credit card used to make the reservation. We reserve the right to cancel reservations in the event of force majeure or other unforeseen circumstances. Understand the circumstances under which partial refunds may be issued and how the refund amount is calculated. Learn about any fees that are non-refundable, including service charges, booking fees, or other charges that cannot be refunded. Contact Us If you have any questions about these Refund Policy, You can contact us: By email: laurentmarais@villapuebla.comBy phone number:+33630671374 We recommend you carefully review the cancellation policy associated with your chosen rate before booking your stay. This will help avoid any unexpected charges.<\/p>","protected":false},"author":1,"featured_media":0,"parent":0,"menu_order":0,"comment_status":"closed","ping_status":"closed","template":"elementor_header_footer","meta":{"footnotes":""},"class_list":["post-4016","page","type-page","status-publish","hentry"],"yoast_head":"<!-- This site is optimized with the Yoast SEO plugin v26.9 - https:\/\/yoast.com\/product\/yoast-seo-wordpress\/ -->\n<title>Refund Policy - Villa Puebla<\/title>\n<meta name=\"robots\" content=\"index, follow, max-snippet:-1, max-image-preview:large, max-video-preview:-1\" \/>\n<link rel=\"canonical\" href=\"https:\/\/villapuebla.com\/fr\/refund-policy\/\" \/>\n<meta property=\"og:locale\" content=\"fr_FR\" \/>\n<meta property=\"og:type\" content=\"article\" \/>\n<meta property=\"og:title\" content=\"Refund Policy - Villa Puebla\" \/>\n<meta property=\"og:description\" content=\"Refund Policy Home \/ Refund Policy Reservations and Rates Rates are quoted per room, per night and are subject to change without notice. Local taxes to be paid on site according to local rate Cancellation Policy We understand that plans can change, so we offer a flexible cancellation policy for most reservations. However, some restrictions may apply depending on the rate you choose: Standard Rate:\u00a0Reservations can be cancelled free of charge up to\u00a07\u00a0days prior to arrival. In the event of a no-show, the entire stay will be charged. Special Offers or Packages:\u00a0Certain special offers or packages may have different cancellation policies. Please refer to the specific details of your chosen rate at the time of booking. In the case of an early departure, the full reserved stay will be charged. How to Cancel Cancellations must be received in writing (email or fax) by the deadline outlined in your chosen cancellation policy (Section 2).You will receive a confirmation email once your cancellation has been processed. Non-Refundable Rates Some special offers or packages may be non-refundable. These rates cannot be cancelled or modified, and the full stay will be charged in the event of a cancellation or no-show. Please Note: All cancellation fees will be charged to the credit card used to make the reservation. We reserve the right to cancel reservations in the event of force majeure or other unforeseen circumstances. Understand the circumstances under which partial refunds may be issued and how the refund amount is calculated. Learn about any fees that are non-refundable, including service charges, booking fees, or other charges that cannot be refunded. Contact Us If you have any questions about these Refund Policy, You can contact us: By email: laurentmarais@villapuebla.comBy phone number:+33630671374 We recommend you carefully review the cancellation policy associated with your chosen rate before booking your stay. This will help avoid any unexpected charges.\" \/>\n<meta property=\"og:url\" content=\"https:\/\/villapuebla.com\/fr\/refund-policy\/\" \/>\n<meta property=\"og:site_name\" content=\"Villa Puebla\" \/>\n<meta property=\"article:modified_time\" content=\"2025-01-17T09:04:24+00:00\" \/>\n<meta name=\"twitter:card\" content=\"summary_large_image\" \/>\n<meta name=\"twitter:label1\" content=\"Dur\u00e9e de lecture estim\u00e9e\" \/>\n\t<meta name=\"twitter:data1\" content=\"2 minutes\" \/>\n<script type=\"application\/ld+json\" class=\"yoast-schema-graph\">{\"@context\":\"https:\/\/schema.org\",\"@graph\":[{\"@type\":\"WebPage\",\"@id\":\"https:\/\/villapuebla.com\/refund-policy\/\",\"url\":\"https:\/\/villapuebla.com\/refund-policy\/\",\"name\":\"Refund Policy - Villa Puebla\",\"isPartOf\":{\"@id\":\"https:\/\/villapuebla.com\/#website\"},\"datePublished\":\"2024-09-05T13:07:39+00:00\",\"dateModified\":\"2025-01-17T09:04:24+00:00\",\"breadcrumb\":{\"@id\":\"https:\/\/villapuebla.com\/refund-policy\/#breadcrumb\"},\"inLanguage\":\"fr-FR\",\"potentialAction\":[{\"@type\":\"ReadAction\",\"target\":[\"https:\/\/villapuebla.com\/refund-policy\/\"]}]},{\"@type\":\"BreadcrumbList\",\"@id\":\"https:\/\/villapuebla.com\/refund-policy\/#breadcrumb\",\"itemListElement\":[{\"@type\":\"ListItem\",\"position\":1,\"name\":\"Home\",\"item\":\"https:\/\/villapuebla.com\/\"},{\"@type\":\"ListItem\",\"position\":2,\"name\":\"Refund Policy\"}]},{\"@type\":\"WebSite\",\"@id\":\"https:\/\/villapuebla.com\/#website\",\"url\":\"https:\/\/villapuebla.com\/\",\"name\":\"Villa Puebla\",\"description\":\"\",\"publisher\":{\"@id\":\"https:\/\/villapuebla.com\/#organization\"},\"potentialAction\":[{\"@type\":\"SearchAction\",\"target\":{\"@type\":\"EntryPoint\",\"urlTemplate\":\"https:\/\/villapuebla.com\/?s={search_term_string}\"},\"query-input\":{\"@type\":\"PropertyValueSpecification\",\"valueRequired\":true,\"valueName\":\"search_term_string\"}}],\"inLanguage\":\"fr-FR\"},{\"@type\":\"Organization\",\"@id\":\"https:\/\/villapuebla.com\/#organization\",\"name\":\"Villa Puebla\",\"url\":\"https:\/\/villapuebla.com\/\",\"logo\":{\"@type\":\"ImageObject\",\"inLanguage\":\"fr-FR\",\"@id\":\"https:\/\/villapuebla.com\/#\/schema\/logo\/image\/\",\"url\":\"https:\/\/villapuebla.com\/wp-content\/uploads\/2024\/08\/image.png\",\"contentUrl\":\"https:\/\/villapuebla.com\/wp-content\/uploads\/2024\/08\/image.png\",\"width\":598,\"height\":850,\"caption\":\"Villa Puebla\"},\"image\":{\"@id\":\"https:\/\/villapuebla.com\/#\/schema\/logo\/image\/\"}}]}<\/script>\n<!-- \/ Yoast SEO plugin. -->","yoast_head_json":{"title":"Refund Policy - Villa Puebla","robots":{"index":"index","follow":"follow","max-snippet":"max-snippet:-1","max-image-preview":"max-image-preview:large","max-video-preview":"max-video-preview:-1"},"canonical":"https:\/\/villapuebla.com\/fr\/refund-policy\/","og_locale":"fr_FR","og_type":"article","og_title":"Refund Policy - Villa Puebla","og_description":"Refund Policy Home \/ Refund Policy Reservations and Rates Rates are quoted per room, per night and are subject to change without notice. Local taxes to be paid on site according to local rate Cancellation Policy We understand that plans can change, so we offer a flexible cancellation policy for most reservations. However, some restrictions may apply depending on the rate you choose: Standard Rate:\u00a0Reservations can be cancelled free of charge up to\u00a07\u00a0days prior to arrival. In the event of a no-show, the entire stay will be charged. Special Offers or Packages:\u00a0Certain special offers or packages may have different cancellation policies. Please refer to the specific details of your chosen rate at the time of booking. In the case of an early departure, the full reserved stay will be charged. How to Cancel Cancellations must be received in writing (email or fax) by the deadline outlined in your chosen cancellation policy (Section 2).You will receive a confirmation email once your cancellation has been processed. Non-Refundable Rates Some special offers or packages may be non-refundable. These rates cannot be cancelled or modified, and the full stay will be charged in the event of a cancellation or no-show. Please Note: All cancellation fees will be charged to the credit card used to make the reservation. We reserve the right to cancel reservations in the event of force majeure or other unforeseen circumstances. Understand the circumstances under which partial refunds may be issued and how the refund amount is calculated. Learn about any fees that are non-refundable, including service charges, booking fees, or other charges that cannot be refunded. Contact Us If you have any questions about these Refund Policy, You can contact us: By email: laurentmarais@villapuebla.comBy phone number:+33630671374 We recommend you carefully review the cancellation policy associated with your chosen rate before booking your stay. This will help avoid any unexpected charges.","og_url":"https:\/\/villapuebla.com\/fr\/refund-policy\/","og_site_name":"Villa Puebla","article_modified_time":"2025-01-17T09:04:24+00:00","twitter_card":"summary_large_image","twitter_misc":{"Dur\u00e9e de lecture estim\u00e9e":"2 minutes"},"schema":{"@context":"https:\/\/schema.org","@graph":[{"@type":"WebPage","@id":"https:\/\/villapuebla.com\/refund-policy\/","url":"https:\/\/villapuebla.com\/refund-policy\/","name":"Refund Policy - Villa Puebla","isPartOf":{"@id":"https:\/\/villapuebla.com\/#website"},"datePublished":"2024-09-05T13:07:39+00:00","dateModified":"2025-01-17T09:04:24+00:00","breadcrumb":{"@id":"https:\/\/villapuebla.com\/refund-policy\/#breadcrumb"},"inLanguage":"fr-FR","potentialAction":[{"@type":"ReadAction","target":["https:\/\/villapuebla.com\/refund-policy\/"]}]},{"@type":"BreadcrumbList","@id":"https:\/\/villapuebla.com\/refund-policy\/#breadcrumb","itemListElement":[{"@type":"ListItem","position":1,"name":"Home","item":"https:\/\/villapuebla.com\/"},{"@type":"ListItem","position":2,"name":"Refund Policy"}]},{"@type":"WebSite","@id":"https:\/\/villapuebla.com\/#website","url":"https:\/\/villapuebla.com\/","name":"Villa Puebla","description":"","publisher":{"@id":"https:\/\/villapuebla.com\/#organization"},"potentialAction":[{"@type":"SearchAction","target":{"@type":"EntryPoint","urlTemplate":"https:\/\/villapuebla.com\/?s={search_term_string}"},"query-input":{"@type":"PropertyValueSpecification","valueRequired":true,"valueName":"search_term_string"}}],"inLanguage":"fr-FR"},{"@type":"Organization","@id":"https:\/\/villapuebla.com\/#organization","name":"Villa Puebla","url":"https:\/\/villapuebla.com\/","logo":{"@type":"ImageObject","inLanguage":"fr-FR","@id":"https:\/\/villapuebla.com\/#\/schema\/logo\/image\/","url":"https:\/\/villapuebla.com\/wp-content\/uploads\/2024\/08\/image.png","contentUrl":"https:\/\/villapuebla.com\/wp-content\/uploads\/2024\/08\/image.png","width":598,"height":850,"caption":"Villa Puebla"},"image":{"@id":"https:\/\/villapuebla.com\/#\/schema\/logo\/image\/"}}]}},"_links":{"self":[{"href":"https:\/\/villapuebla.com\/fr\/wp-json\/wp\/v2\/pages\/4016","targetHints":{"allow":["GET"]}}],"collection":[{"href":"https:\/\/villapuebla.com\/fr\/wp-json\/wp\/v2\/pages"}],"about":[{"href":"https:\/\/villapuebla.com\/fr\/wp-json\/wp\/v2\/types\/page"}],"author":[{"embeddable":true,"href":"https:\/\/villapuebla.com\/fr\/wp-json\/wp\/v2\/users\/1"}],"replies":[{"embeddable":true,"href":"https:\/\/villapuebla.com\/fr\/wp-json\/wp\/v2\/comments?post=4016"}],"version-history":[{"count":0,"href":"https:\/\/villapuebla.com\/fr\/wp-json\/wp\/v2\/pages\/4016\/revisions"}],"wp:attachment":[{"href":"https:\/\/villapuebla.com\/fr\/wp-json\/wp\/v2\/media?parent=4016"}],"curies":[{"name":"wp","href":"https:\/\/api.w.org\/{rel}","templated":true}]}}