{"id":3988,"date":"2024-09-05T12:57:04","date_gmt":"2024-09-05T12:57:04","guid":{"rendered":"https:\/\/villapuebla.com\/?page_id=3988"},"modified":"2024-09-13T06:30:16","modified_gmt":"2024-09-13T06:30:16","slug":"privacy-policy","status":"publish","type":"page","link":"https:\/\/villapuebla.com\/fr\/privacy-policy\/","title":{"rendered":"Notre Politique de Confidentialit\u00e9"},"content":{"rendered":"<div data-elementor-type=\"wp-page\" data-elementor-id=\"3988\" class=\"elementor elementor-3988\" data-elementor-post-type=\"page\">\n\t\t\t\t<div class=\"elementor-element elementor-element-89b7d43 e-con-full e-flex wpr-particle-no wpr-jarallax-no wpr-parallax-no wpr-sticky-section-no e-con e-parent\" data-id=\"89b7d43\" data-element_type=\"container\" data-e-type=\"container\" data-settings=\"{&quot;background_background&quot;:&quot;classic&quot;}\">\n\t\t\t\t<div class=\"elementor-element elementor-element-9d0271c elementor-widget elementor-widget-heading\" data-id=\"9d0271c\" data-element_type=\"widget\" data-e-type=\"widget\" data-widget_type=\"heading.default\">\n\t\t\t\t<div class=\"elementor-widget-container\">\n\t\t\t\t\t<h2 class=\"elementor-heading-title elementor-size-default\">Notre Politique de Confidentialit\u00e9<\/h2>\t\t\t\t<\/div>\n\t\t\t\t<\/div>\n\t\t<div class=\"elementor-element elementor-element-36a31c4 e-con-full e-flex wpr-particle-no wpr-jarallax-no wpr-parallax-no wpr-sticky-section-no e-con e-child\" data-id=\"36a31c4\" data-element_type=\"container\" data-e-type=\"container\" data-settings=\"{&quot;background_background&quot;:&quot;classic&quot;}\">\n\t\t\t\t<div class=\"elementor-element elementor-element-03f92b5 elementor-widget elementor-widget-text-editor\" data-id=\"03f92b5\" data-element_type=\"widget\" data-e-type=\"widget\" data-widget_type=\"text-editor.default\">\n\t\t\t\t<div class=\"elementor-widget-container\">\n\t\t\t\t\t\t\t\t\t<p>Home \/ Privacy Policy<\/p>\t\t\t\t\t\t\t\t<\/div>\n\t\t\t\t<\/div>\n\t\t\t\t<\/div>\n\t\t\t\t<div class=\"elementor-element elementor-element-11fc864 elementor-view-default elementor-widget elementor-widget-icon\" data-id=\"11fc864\" data-element_type=\"widget\" data-e-type=\"widget\" data-widget_type=\"icon.default\">\n\t\t\t\t<div class=\"elementor-widget-container\">\n\t\t\t\t\t\t\t<div class=\"elementor-icon-wrapper\">\n\t\t\t<div class=\"elementor-icon\">\n\t\t\t<i aria-hidden=\"true\" class=\"icon icon-chevron-down-circle\"><\/i>\t\t\t<\/div>\n\t\t<\/div>\n\t\t\t\t\t\t<\/div>\n\t\t\t\t<\/div>\n\t\t\t\t<\/div>\n\t\t<div class=\"elementor-element elementor-element-5133b0b e-flex e-con-boxed wpr-particle-no wpr-jarallax-no wpr-parallax-no wpr-sticky-section-no e-con e-parent\" data-id=\"5133b0b\" data-element_type=\"container\" data-e-type=\"container\">\n\t\t\t\t\t<div class=\"e-con-inner\">\n\t\t<div class=\"elementor-element elementor-element-9061797 e-con-full e-flex wpr-particle-no wpr-jarallax-no wpr-parallax-no wpr-sticky-section-no e-con e-child\" data-id=\"9061797\" data-element_type=\"container\" data-e-type=\"container\">\n\t\t\t\t<div class=\"elementor-element elementor-element-09c8c59 elementor-widget elementor-widget-heading\" data-id=\"09c8c59\" data-element_type=\"widget\" data-e-type=\"widget\" data-widget_type=\"heading.default\">\n\t\t\t\t<div class=\"elementor-widget-container\">\n\t\t\t\t\t<h2 class=\"elementor-heading-title elementor-size-default\">Introduction \u00e0 notre politique de confidentialit\u00e9<\/h2>\t\t\t\t<\/div>\n\t\t\t\t<\/div>\n\t\t\t\t<div class=\"elementor-element elementor-element-8421ee3 elementor-widget elementor-widget-text-editor\" data-id=\"8421ee3\" data-element_type=\"widget\" data-e-type=\"widget\" data-widget_type=\"text-editor.default\">\n\t\t\t\t<div class=\"elementor-widget-container\">\n\t\t\t\t\t\t\t\t\t<p>Comprendre comment Villa Puebla prot\u00e8ge vos informations personnelles et les mesures que nous prenons pour assurer votre confidentialit\u00e9.<\/p>\t\t\t\t\t\t\t\t<\/div>\n\t\t\t\t<\/div>\n\t\t\t\t<div class=\"elementor-element elementor-element-495a7d8 elementor-widget elementor-widget-heading\" data-id=\"495a7d8\" data-element_type=\"widget\" data-e-type=\"widget\" data-widget_type=\"heading.default\">\n\t\t\t\t<div class=\"elementor-widget-container\">\n\t\t\t\t\t<h2 class=\"elementor-heading-title elementor-size-default\">Les informations que nous collectons<\/h2>\t\t\t\t<\/div>\n\t\t\t\t<\/div>\n\t\t\t\t<div class=\"elementor-element elementor-element-59b3332 elementor-widget elementor-widget-text-editor\" data-id=\"59b3332\" data-element_type=\"widget\" data-e-type=\"widget\" data-widget_type=\"text-editor.default\">\n\t\t\t\t<div class=\"elementor-widget-container\">\n\t\t\t\t\t\t\t\t\t<p>D\u00e9couvrir quelles donn\u00e9es personnelles nous collectons, y compris les d\u00e9tails recueillis lors de la r\u00e9servation, de l'inscription et de votre s\u00e9jour \u00e0 Villa Puebla.<\/p>\t\t\t\t\t\t\t\t<\/div>\n\t\t\t\t<\/div>\n\t\t\t\t<div class=\"elementor-element elementor-element-653786e elementor-widget elementor-widget-heading\" data-id=\"653786e\" data-element_type=\"widget\" data-e-type=\"widget\" data-widget_type=\"heading.default\">\n\t\t\t\t<div class=\"elementor-widget-container\">\n\t\t\t\t\t<h2 class=\"elementor-heading-title elementor-size-default\">Utilisation de l'information<\/h2>\t\t\t\t<\/div>\n\t\t\t\t<\/div>\n\t\t\t\t<div class=\"elementor-element elementor-element-b6c67b1 elementor-widget elementor-widget-text-editor\" data-id=\"b6c67b1\" data-element_type=\"widget\" data-e-type=\"widget\" data-widget_type=\"text-editor.default\">\n\t\t\t\t<div class=\"elementor-widget-container\">\n\t\t\t\t\t\t\t\t\t<p>D\u00e9couvrez comment nous utilisons vos informations pour am\u00e9liorer votre exp\u00e9rience, y compris la gestion des r\u00e9servations et les offres de services personnalis\u00e9es.<\/p>\t\t\t\t\t\t\t\t<\/div>\n\t\t\t\t<\/div>\n\t\t\t\t<div class=\"elementor-element elementor-element-6df7417 elementor-widget elementor-widget-heading\" data-id=\"6df7417\" data-element_type=\"widget\" data-e-type=\"widget\" data-widget_type=\"heading.default\">\n\t\t\t\t<div class=\"elementor-widget-container\">\n\t\t\t\t\t<h2 class=\"elementor-heading-title elementor-size-default\">Data Sharing\n<\/h2>\t\t\t\t<\/div>\n\t\t\t\t<\/div>\n\t\t\t\t<div class=\"elementor-element elementor-element-bf6480c elementor-widget elementor-widget-text-editor\" data-id=\"bf6480c\" data-element_type=\"widget\" data-e-type=\"widget\" data-widget_type=\"text-editor.default\">\n\t\t\t\t<div class=\"elementor-widget-container\">\n\t\t\t\t\t\t\t\t\t<p>Find out with whom we share your data, including third-party service providers and legal obligations, to maintain transparency.<\/p>\t\t\t\t\t\t\t\t<\/div>\n\t\t\t\t<\/div>\n\t\t\t\t<div class=\"elementor-element elementor-element-d8f8ce1 elementor-widget elementor-widget-heading\" data-id=\"d8f8ce1\" data-element_type=\"widget\" data-e-type=\"widget\" data-widget_type=\"heading.default\">\n\t\t\t\t<div class=\"elementor-widget-container\">\n\t\t\t\t\t<h2 class=\"elementor-heading-title elementor-size-default\">Droits de l'utilisateur\n<\/h2>\t\t\t\t<\/div>\n\t\t\t\t<\/div>\n\t\t\t\t<div class=\"elementor-element elementor-element-69939c1 elementor-widget elementor-widget-text-editor\" data-id=\"69939c1\" data-element_type=\"widget\" data-e-type=\"widget\" data-widget_type=\"text-editor.default\">\n\t\t\t\t<div class=\"elementor-widget-container\">\n\t\t\t\t\t\t\t\t\t<p>D\u00e9couvrez vos droits concernant vos informations personnelles, y compris les demandes d\u2019acc\u00e8s, de correction et de suppression.<\/p>\t\t\t\t\t\t\t\t<\/div>\n\t\t\t\t<\/div>\n\t\t\t\t<div class=\"elementor-element elementor-element-3926171 elementor-widget elementor-widget-heading\" data-id=\"3926171\" data-element_type=\"widget\" data-e-type=\"widget\" data-widget_type=\"heading.default\">\n\t\t\t\t<div class=\"elementor-widget-container\">\n\t\t\t\t\t<h2 class=\"elementor-heading-title elementor-size-default\">Conservation des donn\u00e9es\n<\/h2>\t\t\t\t<\/div>\n\t\t\t\t<\/div>\n\t\t\t\t<div class=\"elementor-element elementor-element-c9e08b3 elementor-widget elementor-widget-text-editor\" data-id=\"c9e08b3\" data-element_type=\"widget\" data-e-type=\"widget\" data-widget_type=\"text-editor.default\">\n\t\t\t\t<div class=\"elementor-widget-container\">\n\t\t\t\t\t\t\t\t\t<p>Consultez la dur\u00e9e pendant laquelle nous conservons vos donn\u00e9es personnelles et les crit\u00e8res utilis\u00e9s pour d\u00e9terminer les p\u00e9riodes de conservation.<\/p>\t\t\t\t\t\t\t\t<\/div>\n\t\t\t\t<\/div>\n\t\t\t\t<div class=\"elementor-element elementor-element-f3bddc0 elementor-widget elementor-widget-heading\" data-id=\"f3bddc0\" data-element_type=\"widget\" data-e-type=\"widget\" data-widget_type=\"heading.default\">\n\t\t\t\t<div class=\"elementor-widget-container\">\n\t\t\t\t\t<h2 class=\"elementor-heading-title elementor-size-default\">Services de tiers<\/h2>\t\t\t\t<\/div>\n\t\t\t\t<\/div>\n\t\t\t\t<div class=\"elementor-element elementor-element-244c683 elementor-widget elementor-widget-text-editor\" data-id=\"244c683\" data-element_type=\"widget\" data-e-type=\"widget\" data-widget_type=\"text-editor.default\">\n\t\t\t\t<div class=\"elementor-widget-container\">\n\t\t\t\t\t\t\t\t\t<p>Comprenez notre utilisation de services tiers et comment ils peuvent avoir un impact sur la confidentialit\u00e9 de vos donn\u00e9es pendant votre s\u00e9jour.<\/p>\t\t\t\t\t\t\t\t<\/div>\n\t\t\t\t<\/div>\n\t\t\t\t<div class=\"elementor-element elementor-element-87a5108 elementor-widget elementor-widget-heading\" data-id=\"87a5108\" data-element_type=\"widget\" data-e-type=\"widget\" data-widget_type=\"heading.default\">\n\t\t\t\t<div class=\"elementor-widget-container\">\n\t\t\t\t\t<h2 class=\"elementor-heading-title elementor-size-default\">Contact<\/h2>\t\t\t\t<\/div>\n\t\t\t\t<\/div>\n\t\t\t\t<div class=\"elementor-element elementor-element-8f0a715 elementor-widget elementor-widget-text-editor\" data-id=\"8f0a715\" data-element_type=\"widget\" data-e-type=\"widget\" data-widget_type=\"text-editor.default\">\n\t\t\t\t<div class=\"elementor-widget-container\">\n\t\t\t\t\t\t\t\t\t<p>Si vous avez des questions sur cette politique de confidentialit\u00e9, vous pouvez nous contacter :<\/p><p><strong>Par email:<\/strong> <span style=\"color: #000000;\"><a style=\"color: #000000;\" href=\"mailto:laurentmarais@villapuebla.com\">laurentmarais@villapuebla.com<\/a><\/span><br \/><strong>Par t\u00e9l\u00e9phone:<\/strong><span style=\"color: #000000;\"><a style=\"color: #000000;\" href=\"tel:+33630671374\">+33630671374<\/a><\/span><\/p>\t\t\t\t\t\t\t\t<\/div>\n\t\t\t\t<\/div>\n\t\t\t\t<div class=\"elementor-element elementor-element-cb31538 elementor-widget-divider--view-line elementor-widget elementor-widget-divider\" data-id=\"cb31538\" data-element_type=\"widget\" data-e-type=\"widget\" data-widget_type=\"divider.default\">\n\t\t\t\t<div class=\"elementor-widget-container\">\n\t\t\t\t\t\t\t<div class=\"elementor-divider\">\n\t\t\t<span class=\"elementor-divider-separator\">\n\t\t\t\t\t\t<\/span>\n\t\t<\/div>\n\t\t\t\t\t\t<\/div>\n\t\t\t\t<\/div>\n\t\t\t\t<\/div>\n\t\t\t\t\t<\/div>\n\t\t\t\t<\/div>\n\t\t\t\t<\/div>","protected":false},"excerpt":{"rendered":"<p>Privacy Policy Home \/ Privacy Policy Introduction to Privacy Policy Understand how Villa Puebla protects your personal information and the measures we take to ensure your privacy. Information We Collect Learn what personal data we gather, including details collected during booking, registration, and your stay at Villa Puebla. Use of Information Discover how we use your information to enhance your experience, including reservation management and personalized service offerings. Data Sharing Find out with whom we share your data, including third-party service providers and legal obligations, to maintain transparency. User Rights Explore your rights regarding your personal information, including access, correction, and deletion requests. Data Retention Review how long we keep your personal data and the criteria used to determine retention periods. Third-Party Services Understand our use of third-party services and how they might impact your data privacy during your stay. Contact Us If you have any questions about these Privacy Policy, You can contact us: By email: laurentmarais@villapuebla.comBy phone number:+33630671374<\/p>","protected":false},"author":1,"featured_media":0,"parent":0,"menu_order":0,"comment_status":"closed","ping_status":"closed","template":"elementor_header_footer","meta":{"footnotes":""},"class_list":["post-3988","page","type-page","status-publish","hentry"],"yoast_head":"<!-- This site is optimized with the Yoast SEO plugin v26.9 - https:\/\/yoast.com\/product\/yoast-seo-wordpress\/ -->\n<title>Privacy Policy - Villa Puebla<\/title>\n<meta name=\"robots\" content=\"index, follow, max-snippet:-1, max-image-preview:large, max-video-preview:-1\" \/>\n<link rel=\"canonical\" href=\"https:\/\/villapuebla.com\/fr\/privacy-policy\/\" \/>\n<meta property=\"og:locale\" content=\"fr_FR\" \/>\n<meta property=\"og:type\" content=\"article\" \/>\n<meta property=\"og:title\" content=\"Privacy Policy - Villa Puebla\" \/>\n<meta property=\"og:description\" content=\"Privacy Policy Home \/ Privacy Policy Introduction to Privacy Policy Understand how Villa Puebla protects your personal information and the measures we take to ensure your privacy. Information We Collect Learn what personal data we gather, including details collected during booking, registration, and your stay at Villa Puebla. Use of Information Discover how we use your information to enhance your experience, including reservation management and personalized service offerings. Data Sharing Find out with whom we share your data, including third-party service providers and legal obligations, to maintain transparency. User Rights Explore your rights regarding your personal information, including access, correction, and deletion requests. Data Retention Review how long we keep your personal data and the criteria used to determine retention periods. Third-Party Services Understand our use of third-party services and how they might impact your data privacy during your stay. Contact Us If you have any questions about these Privacy Policy, You can contact us: By email: laurentmarais@villapuebla.comBy phone number:+33630671374\" \/>\n<meta property=\"og:url\" content=\"https:\/\/villapuebla.com\/fr\/privacy-policy\/\" \/>\n<meta property=\"og:site_name\" content=\"Villa Puebla\" \/>\n<meta property=\"article:modified_time\" content=\"2024-09-13T06:30:16+00:00\" \/>\n<meta name=\"twitter:card\" content=\"summary_large_image\" \/>\n<meta name=\"twitter:label1\" content=\"Dur\u00e9e de lecture estim\u00e9e\" \/>\n\t<meta name=\"twitter:data1\" content=\"1 minute\" \/>\n<script type=\"application\/ld+json\" class=\"yoast-schema-graph\">{\"@context\":\"https:\/\/schema.org\",\"@graph\":[{\"@type\":\"WebPage\",\"@id\":\"https:\/\/villapuebla.com\/privacy-policy\/\",\"url\":\"https:\/\/villapuebla.com\/privacy-policy\/\",\"name\":\"Privacy Policy - Villa Puebla\",\"isPartOf\":{\"@id\":\"https:\/\/villapuebla.com\/#website\"},\"datePublished\":\"2024-09-05T12:57:04+00:00\",\"dateModified\":\"2024-09-13T06:30:16+00:00\",\"breadcrumb\":{\"@id\":\"https:\/\/villapuebla.com\/privacy-policy\/#breadcrumb\"},\"inLanguage\":\"fr-FR\",\"potentialAction\":[{\"@type\":\"ReadAction\",\"target\":[\"https:\/\/villapuebla.com\/privacy-policy\/\"]}]},{\"@type\":\"BreadcrumbList\",\"@id\":\"https:\/\/villapuebla.com\/privacy-policy\/#breadcrumb\",\"itemListElement\":[{\"@type\":\"ListItem\",\"position\":1,\"name\":\"Home\",\"item\":\"https:\/\/villapuebla.com\/\"},{\"@type\":\"ListItem\",\"position\":2,\"name\":\"Privacy Policy\"}]},{\"@type\":\"WebSite\",\"@id\":\"https:\/\/villapuebla.com\/#website\",\"url\":\"https:\/\/villapuebla.com\/\",\"name\":\"Villa Puebla\",\"description\":\"\",\"publisher\":{\"@id\":\"https:\/\/villapuebla.com\/#organization\"},\"potentialAction\":[{\"@type\":\"SearchAction\",\"target\":{\"@type\":\"EntryPoint\",\"urlTemplate\":\"https:\/\/villapuebla.com\/?s={search_term_string}\"},\"query-input\":{\"@type\":\"PropertyValueSpecification\",\"valueRequired\":true,\"valueName\":\"search_term_string\"}}],\"inLanguage\":\"fr-FR\"},{\"@type\":\"Organization\",\"@id\":\"https:\/\/villapuebla.com\/#organization\",\"name\":\"Villa Puebla\",\"url\":\"https:\/\/villapuebla.com\/\",\"logo\":{\"@type\":\"ImageObject\",\"inLanguage\":\"fr-FR\",\"@id\":\"https:\/\/villapuebla.com\/#\/schema\/logo\/image\/\",\"url\":\"https:\/\/villapuebla.com\/wp-content\/uploads\/2024\/08\/image.png\",\"contentUrl\":\"https:\/\/villapuebla.com\/wp-content\/uploads\/2024\/08\/image.png\",\"width\":598,\"height\":850,\"caption\":\"Villa Puebla\"},\"image\":{\"@id\":\"https:\/\/villapuebla.com\/#\/schema\/logo\/image\/\"}}]}<\/script>\n<!-- \/ Yoast SEO plugin. -->","yoast_head_json":{"title":"Privacy Policy - Villa Puebla","robots":{"index":"index","follow":"follow","max-snippet":"max-snippet:-1","max-image-preview":"max-image-preview:large","max-video-preview":"max-video-preview:-1"},"canonical":"https:\/\/villapuebla.com\/fr\/privacy-policy\/","og_locale":"fr_FR","og_type":"article","og_title":"Privacy Policy - Villa Puebla","og_description":"Privacy Policy Home \/ Privacy Policy Introduction to Privacy Policy Understand how Villa Puebla protects your personal information and the measures we take to ensure your privacy. Information We Collect Learn what personal data we gather, including details collected during booking, registration, and your stay at Villa Puebla. Use of Information Discover how we use your information to enhance your experience, including reservation management and personalized service offerings. Data Sharing Find out with whom we share your data, including third-party service providers and legal obligations, to maintain transparency. User Rights Explore your rights regarding your personal information, including access, correction, and deletion requests. Data Retention Review how long we keep your personal data and the criteria used to determine retention periods. Third-Party Services Understand our use of third-party services and how they might impact your data privacy during your stay. Contact Us If you have any questions about these Privacy Policy, You can contact us: By email: laurentmarais@villapuebla.comBy phone number:+33630671374","og_url":"https:\/\/villapuebla.com\/fr\/privacy-policy\/","og_site_name":"Villa Puebla","article_modified_time":"2024-09-13T06:30:16+00:00","twitter_card":"summary_large_image","twitter_misc":{"Dur\u00e9e de lecture estim\u00e9e":"1 minute"},"schema":{"@context":"https:\/\/schema.org","@graph":[{"@type":"WebPage","@id":"https:\/\/villapuebla.com\/privacy-policy\/","url":"https:\/\/villapuebla.com\/privacy-policy\/","name":"Privacy Policy - Villa Puebla","isPartOf":{"@id":"https:\/\/villapuebla.com\/#website"},"datePublished":"2024-09-05T12:57:04+00:00","dateModified":"2024-09-13T06:30:16+00:00","breadcrumb":{"@id":"https:\/\/villapuebla.com\/privacy-policy\/#breadcrumb"},"inLanguage":"fr-FR","potentialAction":[{"@type":"ReadAction","target":["https:\/\/villapuebla.com\/privacy-policy\/"]}]},{"@type":"BreadcrumbList","@id":"https:\/\/villapuebla.com\/privacy-policy\/#breadcrumb","itemListElement":[{"@type":"ListItem","position":1,"name":"Home","item":"https:\/\/villapuebla.com\/"},{"@type":"ListItem","position":2,"name":"Privacy Policy"}]},{"@type":"WebSite","@id":"https:\/\/villapuebla.com\/#website","url":"https:\/\/villapuebla.com\/","name":"Villa Puebla","description":"","publisher":{"@id":"https:\/\/villapuebla.com\/#organization"},"potentialAction":[{"@type":"SearchAction","target":{"@type":"EntryPoint","urlTemplate":"https:\/\/villapuebla.com\/?s={search_term_string}"},"query-input":{"@type":"PropertyValueSpecification","valueRequired":true,"valueName":"search_term_string"}}],"inLanguage":"fr-FR"},{"@type":"Organization","@id":"https:\/\/villapuebla.com\/#organization","name":"Villa Puebla","url":"https:\/\/villapuebla.com\/","logo":{"@type":"ImageObject","inLanguage":"fr-FR","@id":"https:\/\/villapuebla.com\/#\/schema\/logo\/image\/","url":"https:\/\/villapuebla.com\/wp-content\/uploads\/2024\/08\/image.png","contentUrl":"https:\/\/villapuebla.com\/wp-content\/uploads\/2024\/08\/image.png","width":598,"height":850,"caption":"Villa Puebla"},"image":{"@id":"https:\/\/villapuebla.com\/#\/schema\/logo\/image\/"}}]}},"_links":{"self":[{"href":"https:\/\/villapuebla.com\/fr\/wp-json\/wp\/v2\/pages\/3988","targetHints":{"allow":["GET"]}}],"collection":[{"href":"https:\/\/villapuebla.com\/fr\/wp-json\/wp\/v2\/pages"}],"about":[{"href":"https:\/\/villapuebla.com\/fr\/wp-json\/wp\/v2\/types\/page"}],"author":[{"embeddable":true,"href":"https:\/\/villapuebla.com\/fr\/wp-json\/wp\/v2\/users\/1"}],"replies":[{"embeddable":true,"href":"https:\/\/villapuebla.com\/fr\/wp-json\/wp\/v2\/comments?post=3988"}],"version-history":[{"count":0,"href":"https:\/\/villapuebla.com\/fr\/wp-json\/wp\/v2\/pages\/3988\/revisions"}],"wp:attachment":[{"href":"https:\/\/villapuebla.com\/fr\/wp-json\/wp\/v2\/media?parent=3988"}],"curies":[{"name":"wp","href":"https:\/\/api.w.org\/{rel}","templated":true}]}}